{"id":1689,"date":"2025-10-17T10:56:10","date_gmt":"2025-10-17T08:56:10","guid":{"rendered":"https:\/\/glowtallow.com\/?page_id=1689"},"modified":"2025-10-17T11:00:15","modified_gmt":"2025-10-17T09:00:15","slug":"vraceni-zbozi","status":"publish","type":"page","link":"https:\/\/glowtallow.com\/cs\/vraceni-zbozi\/","title":{"rendered":"Vr\u00e1cen\u00ed zbo\u017e\u00ed"},"content":{"rendered":"\n<p>Pr\u00e1vo na odstoupen\u00ed od smlouvy \u2013 Glow Tallow s.r.o.<\/p>\n\n\n\n<p>1. Pou\u010den\u00ed o pr\u00e1vu na odstoupen\u00ed od smlouvy<\/p>\n\n\n\n<p>M\u00e1te pr\u00e1vo odstoupit od t\u00e9to smlouvy bez ud\u00e1n\u00ed d\u016fvodu ve lh\u016ft\u011b 14 dn\u016f.<\/p>\n\n\n\n<p>Lh\u016fta pro odstoupen\u00ed \u010din\u00ed 14 dn\u016f ode dne, kdy Vy nebo V\u00e1mi ur\u010den\u00e1 t\u0159et\u00ed osoba (jin\u00e1 ne\u017e dopravce) p\u0159evezmete zbo\u017e\u00ed.<\/p>\n\n\n\n<p>Pro uplatn\u011bn\u00ed pr\u00e1va na odstoupen\u00ed mus\u00edte o sv\u00e9m rozhodnut\u00ed odstoupit od smlouvy informovat spole\u010dnost:<\/p>\n\n\n\n<p>Glow Tallow s.r.o.<\/p>\n\n\n\n<p>Rohansk\u00e9 n\u00e1b\u0159e\u017e\u00ed 671\/15<\/p>\n\n\n\n<p>186 00 Praha \u2013 Karl\u00edn<\/p>\n\n\n\n<p>\u010cesk\u00e1 republika<\/p>\n\n\n\n<p>E-mail: care@glowtallow.com<\/p>\n\n\n\n<p>Telefon: +420 728 929 590<\/p>\n\n\n\n<p>prost\u0159ednictv\u00edm jednozna\u010dn\u00e9ho prohl\u00e1\u0161en\u00ed (nap\u0159. e-mailem nebo dopisem zaslan\u00fdm po\u0161tou).<\/p>\n\n\n\n<p>M\u016f\u017eete pou\u017e\u00edt p\u0159ilo\u017een\u00fd vzorov\u00fd formul\u00e1\u0159 pro odstoupen\u00ed od smlouvy, kter\u00fd v\u0161ak nen\u00ed povinn\u00fd.<\/p>\n\n\n\n<p>Pro dodr\u017een\u00ed lh\u016fty pro odstoupen\u00ed posta\u010d\u00ed, kdy\u017e ozn\u00e1men\u00ed o uplatn\u011bn\u00ed pr\u00e1va na odstoupen\u00ed ode\u0161lete p\u0159ed uplynut\u00edm lh\u016fty pro odstoupen\u00ed.<\/p>\n\n\n\n<p>\u2e3b<\/p>\n\n\n\n<p>2. D\u016fsledky odstoupen\u00ed od smlouvy<\/p>\n\n\n\n<p>Pokud od t\u00e9to smlouvy odstoup\u00edte, vr\u00e1t\u00edme V\u00e1m v\u0161echny platby, kter\u00e9 jsme od V\u00e1s obdr\u017eeli, v\u010detn\u011b n\u00e1klad\u016f na doru\u010den\u00ed (s v\u00fdjimkou dodate\u010dn\u00fdch n\u00e1klad\u016f vznikl\u00fdch v d\u016fsledku V\u00e1mi zvolen\u00e9ho jin\u00e9ho zp\u016fsobu doru\u010den\u00ed, ne\u017e je n\u00e1mi nab\u00edzen\u00fd nejlevn\u011bj\u0161\u00ed standardn\u00ed zp\u016fsob).<\/p>\n\n\n\n<p>Vr\u00e1cen\u00ed plateb prob\u011bhne bez zbyte\u010dn\u00e9ho odkladu, nejpozd\u011bji do 14 dn\u016f ode dne, kdy jsme obdr\u017eeli ozn\u00e1men\u00ed o Va\u0161em odstoupen\u00ed.<\/p>\n\n\n\n<p>Platbu vr\u00e1t\u00edme stejn\u00fdm zp\u016fsobem, jak\u00fdm byla provedena p\u016fvodn\u00ed transakce, pokud se v\u00fdslovn\u011b nedohodneme jinak. V \u017e\u00e1dn\u00e9m p\u0159\u00edpad\u011b V\u00e1m nebudou \u00fa\u010dtov\u00e1ny \u017e\u00e1dn\u00e9 poplatky za vr\u00e1cen\u00ed platby.<\/p>\n\n\n\n<p>Vr\u00e1cen\u00ed platby m\u016f\u017eeme pozdr\u017eet, dokud neobdr\u017e\u00edme vr\u00e1cen\u00e9 zbo\u017e\u00ed nebo dokud neprok\u00e1\u017eete, \u017ee jste zbo\u017e\u00ed odeslali \u2013 podle toho, kter\u00e1 skute\u010dnost nastane d\u0159\u00edve.<\/p>\n\n\n\n<p>Zbo\u017e\u00ed pros\u00edm za\u0161lete nebo p\u0159ed\u00e1te bez zbyte\u010dn\u00e9ho odkladu, nejpozd\u011bji do 14 dn\u016f ode dne, kdy jste n\u00e1m ozn\u00e1mili odstoupen\u00ed od smlouvy, na v\u00fd\u0161e uvedenou adresu.<\/p>\n\n\n\n<p>Lh\u016fta je zachov\u00e1na, pokud zbo\u017e\u00ed ode\u0161lete p\u0159ed uplynut\u00edm 14 dn\u016f.<\/p>\n\n\n\n<p>N\u00e1klady na vr\u00e1cen\u00ed zbo\u017e\u00ed nesete Vy.<\/p>\n\n\n\n<p>Za p\u0159\u00edpadn\u00e9 sn\u00ed\u017een\u00ed hodnoty zbo\u017e\u00ed odpov\u00edd\u00e1te pouze v p\u0159\u00edpad\u011b, \u017ee k n\u011bmu do\u0161lo v d\u016fsledku nakl\u00e1d\u00e1n\u00ed se zbo\u017e\u00edm jinak, ne\u017e bylo nutn\u00e9 k sezn\u00e1men\u00ed se s povahou, vlastnostmi a funkc\u00ed zbo\u017e\u00ed.<\/p>\n\n\n\n<p>\u2e3b<\/p>\n\n\n\n<p>3. V\u00fdjimky z pr\u00e1va na odstoupen\u00ed<\/p>\n\n\n\n<p>Od smlouvy nelze odstoupit v p\u0159\u00edpadech, kdy se jedn\u00e1 o:<\/p>\n\n\n\n<p>\u2022 dod\u00e1vku zbo\u017e\u00ed v uzav\u0159en\u00e9m obalu, kter\u00e9 nen\u00ed vhodn\u00e9 vr\u00e1tit z d\u016fvodu ochrany zdrav\u00ed nebo hygienick\u00fdch d\u016fvod\u016f, pokud byl tento obal po dod\u00e1n\u00ed poru\u0161en (\u00a7 1837 p\u00edsm. g) ob\u010dansk\u00e9ho z\u00e1kon\u00edku),<\/p>\n\n\n\n<p>\u2022 zbo\u017e\u00ed, kter\u00e9 bylo upraveno podle p\u0159\u00e1n\u00ed spot\u0159ebitele nebo vyrobeno na m\u00edru,<\/p>\n\n\n\n<p>\u2022 zbo\u017e\u00ed, kter\u00e9 podl\u00e9h\u00e1 rychl\u00e9 zk\u00e1ze nebo kter\u00e9 bylo po dod\u00e1n\u00ed nevratn\u011b sm\u00edch\u00e1no s jin\u00fdm zbo\u017e\u00edm.<\/p>\n\n\n\n<p>\u26a0\ufe0f D\u016fle\u017eit\u00e9 upozorn\u011bn\u00ed:<\/p>\n\n\n\n<p>Z hygienick\u00fdch d\u016fvod\u016f lze produkty vr\u00e1tit pouze tehdy, pokud ochrann\u00e9 \u010di hygienick\u00e9 pe\u010det\u011b nejsou po\u0161kozen\u00e9.<\/p>\n\n\n\n<p>\u2e3b<\/p>\n\n\n\n<p>4. Vzorov\u00fd formul\u00e1\u0159 pro odstoupen\u00ed od smlouvy<\/p>\n\n\n\n<p>(Vypl\u0148te a za\u0161lete tento formul\u00e1\u0159 pouze v p\u0159\u00edpad\u011b, \u017ee chcete odstoupit od smlouvy.)<\/p>\n\n\n\n<p>\u2e3b<\/p>\n\n\n\n<p>Adres\u00e1t:<\/p>\n\n\n\n<p>Glow Tallow s.r.o.<\/p>\n\n\n\n<p>Rohansk\u00e9 n\u00e1b\u0159e\u017e\u00ed 671\/15<\/p>\n\n\n\n<p>186 00 Praha \u2013 Karl\u00edn<\/p>\n\n\n\n<p>E-mail: care@glowtallow.com<\/p>\n\n\n\n<p>\u2e3b<\/p>\n\n\n\n<p>T\u00edmto oznamuji, \u017ee odstupuji od smlouvy o koupi n\u00e1sleduj\u00edc\u00edho zbo\u017e\u00ed \/ o poskytnut\u00ed n\u00e1sleduj\u00edc\u00ed slu\u017eby:<\/p>\n\n\n\n<p>\u2026\u2026\u2026\u2026\u2026\u2026\u2026\u2026\u2026\u2026\u2026\u2026\u2026\u2026\u2026\u2026\u2026\u2026\u2026\u2026\u2026\u2026\u2026\u2026\u2026\u2026\u2026\u2026\u2026\u2026\u2026\u2026\u2026\u2026\u2026\u2026\u2026\u2026..<\/p>\n\n\n\n<p>Datum objedn\u00e1n\u00ed () \/ datum p\u0159evzet\u00ed ():<\/p>\n\n\n\n<p>\u2026\u2026\u2026\u2026\u2026\u2026\u2026\u2026\u2026\u2026\u2026\u2026\u2026\u2026\u2026\u2026\u2026\u2026\u2026\u2026\u2026\u2026\u2026\u2026\u2026\u2026\u2026\u2026\u2026\u2026\u2026\u2026\u2026\u2026\u2026\u2026\u2026\u2026..<\/p>\n\n\n\n<p>Jm\u00e9no a p\u0159\u00edjmen\u00ed spot\u0159ebitele:<\/p>\n\n\n\n<p>\u2026\u2026\u2026\u2026\u2026\u2026\u2026\u2026\u2026\u2026\u2026\u2026\u2026\u2026\u2026\u2026\u2026\u2026\u2026\u2026\u2026\u2026\u2026\u2026\u2026\u2026\u2026\u2026\u2026\u2026\u2026\u2026\u2026\u2026\u2026\u2026\u2026\u2026..<\/p>\n\n\n\n<p>Adresa spot\u0159ebitele:<\/p>\n\n\n\n<p>\u2026\u2026\u2026\u2026\u2026\u2026\u2026\u2026\u2026\u2026\u2026\u2026\u2026\u2026\u2026\u2026\u2026\u2026\u2026\u2026\u2026\u2026\u2026\u2026\u2026\u2026\u2026\u2026\u2026\u2026\u2026\u2026\u2026\u2026\u2026\u2026\u2026\u2026..<\/p>\n\n\n\n<p>Podpis spot\u0159ebitele (pouze pokud je tento formul\u00e1\u0159 zas\u00edl\u00e1n v listinn\u00e9 podob\u011b):<\/p>\n\n\n\n<p>\u2026\u2026\u2026\u2026\u2026\u2026\u2026\u2026\u2026\u2026\u2026\u2026\u2026\u2026\u2026\u2026\u2026\u2026\u2026\u2026\u2026\u2026\u2026\u2026\u2026\u2026\u2026\u2026\u2026\u2026\u2026\u2026\u2026\u2026\u2026\u2026\u2026\u2026..<\/p>\n\n\n\n<p>Datum:<\/p>\n\n\n\n<p>\u2026\u2026\u2026\u2026\u2026\u2026\u2026\u2026\u2026\u2026\u2026\u2026\u2026\u2026\u2026\u2026\u2026\u2026\u2026\u2026\u2026\u2026\u2026\u2026\u2026\u2026\u2026\u2026\u2026\u2026\u2026\u2026\u2026\u2026\u2026\u2026\u2026\u2026..<\/p>\n\n\n\n<p>(*) Nehod\u00edc\u00ed se \u0161krtn\u011bte.<\/p>\n","protected":false},"excerpt":{"rendered":"<p>Pr\u00e1vo na odstoupen\u00ed od smlouvy \u2013 Glow Tallow s.r.o. 1. Pou\u010den\u00ed o pr\u00e1vu na odstoupen\u00ed od smlouvy M\u00e1te pr\u00e1vo odstoupit od t\u00e9to smlouvy bez ud\u00e1n\u00ed d\u016fvodu ve lh\u016ft\u011b 14 dn\u016f. Lh\u016fta pro odstoupen\u00ed \u010din\u00ed 14 dn\u016f ode dne, kdy Vy nebo V\u00e1mi ur\u010den\u00e1 t\u0159et\u00ed osoba (jin\u00e1 ne\u017e dopravce) p\u0159evezmete zbo\u017e\u00ed. Pro uplatn\u011bn\u00ed pr\u00e1va na odstoupen\u00ed [&hellip;]<\/p>\n","protected":false},"author":2,"featured_media":0,"parent":0,"menu_order":0,"comment_status":"closed","ping_status":"closed","template":"","meta":{"_acf_changed":false,"inline_featured_image":false,"footnotes":""},"class_list":["post-1689","page","type-page","status-publish","hentry"],"acf":[],"_links":{"self":[{"href":"https:\/\/glowtallow.com\/cs\/wp-json\/wp\/v2\/pages\/1689","targetHints":{"allow":["GET"]}}],"collection":[{"href":"https:\/\/glowtallow.com\/cs\/wp-json\/wp\/v2\/pages"}],"about":[{"href":"https:\/\/glowtallow.com\/cs\/wp-json\/wp\/v2\/types\/page"}],"author":[{"embeddable":true,"href":"https:\/\/glowtallow.com\/cs\/wp-json\/wp\/v2\/users\/2"}],"replies":[{"embeddable":true,"href":"https:\/\/glowtallow.com\/cs\/wp-json\/wp\/v2\/comments?post=1689"}],"version-history":[{"count":0,"href":"https:\/\/glowtallow.com\/cs\/wp-json\/wp\/v2\/pages\/1689\/revisions"}],"wp:attachment":[{"href":"https:\/\/glowtallow.com\/cs\/wp-json\/wp\/v2\/media?parent=1689"}],"curies":[{"name":"wp","href":"https:\/\/api.w.org\/{rel}","templated":true}]}}