{"id":262,"date":"2025-07-29T08:07:19","date_gmt":"2025-07-29T06:07:19","guid":{"rendered":"https:\/\/glowtallow.pureweb.studio\/?page_id=262"},"modified":"2025-10-30T19:36:11","modified_gmt":"2025-10-30T18:36:11","slug":"oblicej","status":"publish","type":"page","link":"https:\/\/glowtallow.com\/cs\/oblicej\/","title":{"rendered":"P\u00e9\u010de o obli\u010dej"},"content":{"rendered":"","protected":false},"excerpt":{"rendered":"","protected":false},"author":2,"featured_media":224,"parent":0,"menu_order":0,"comment_status":"closed","ping_status":"closed","template":"","meta":{"_acf_changed":false,"inline_featured_image":false,"footnotes":""},"class_list":["post-262","page","type-page","status-publish","has-post-thumbnail","hentry"],"acf":[],"_links":{"self":[{"href":"https:\/\/glowtallow.com\/cs\/wp-json\/wp\/v2\/pages\/262","targetHints":{"allow":["GET"]}}],"collection":[{"href":"https:\/\/glowtallow.com\/cs\/wp-json\/wp\/v2\/pages"}],"about":[{"href":"https:\/\/glowtallow.com\/cs\/wp-json\/wp\/v2\/types\/page"}],"author":[{"embeddable":true,"href":"https:\/\/glowtallow.com\/cs\/wp-json\/wp\/v2\/users\/2"}],"replies":[{"embeddable":true,"href":"https:\/\/glowtallow.com\/cs\/wp-json\/wp\/v2\/comments?post=262"}],"version-history":[{"count":0,"href":"https:\/\/glowtallow.com\/cs\/wp-json\/wp\/v2\/pages\/262\/revisions"}],"wp:featuredmedia":[{"embeddable":true,"href":"https:\/\/glowtallow.com\/cs\/wp-json\/wp\/v2\/media\/224"}],"wp:attachment":[{"href":"https:\/\/glowtallow.com\/cs\/wp-json\/wp\/v2\/media?parent=262"}],"curies":[{"name":"wp","href":"https:\/\/api.w.org\/{rel}","templated":true}]}}