{"id":166,"date":"2025-06-10T22:27:24","date_gmt":"2025-06-10T20:27:24","guid":{"rendered":"https:\/\/glowtallow.pureweb.studio\/?post_type=product&#038;p=166"},"modified":"2026-01-05T13:45:26","modified_gmt":"2026-01-05T12:45:26","slug":"body-oil-lemongrass","status":"publish","type":"product","link":"https:\/\/glowtallow.com\/cs\/produkt\/body-oil-lemongrass\/","title":{"rendered":"Body Oil | Lemongrass"},"content":{"rendered":"<p><strong>Sv\u011b\u017eest, pru\u017enost a z\u00e1\u0159iv\u00e1 poko\u017eka ka\u017ed\u00fd den<\/strong><\/p>\n<p class=\"p1\">Tento lehk\u00fd t\u011blov\u00fd olej <em><span class=\"s1\"><b>zanech\u00e1v\u00e1 poko\u017eku hebkou, pru\u017enou a rozjasn\u011bnou<\/b><\/span>, <span class=\"s1\"><b>rychle se vst\u0159eb\u00e1v\u00e1 bez mastn\u00e9ho filmu<\/b><\/span>a <\/em><span class=\"s1\"><b><em>podporuje elasticit<\/em>u<\/b><\/span>. Sm\u011bs frakcionovan\u00e9ho kokosov\u00e9ho, kukui, jojobov\u00e9ho, meru\u0148kov\u00e9ho, baobabov\u00e9ho a emu oleje <em><span class=\"s1\"><b>hluboce vy\u017eivuje a hydratuje<\/b><\/span><\/em>, zat\u00edmco esenci\u00e1ln\u00ed oleje citronov\u00e9 tr\u00e1vy, m\u00e1ty, r\u016f\u017eov\u00e9ho d\u0159eva a ylang ylang<em> <span class=\"s1\"><b>osv\u011b\u017euj\u00ed a dod\u00e1vaj\u00ed energii<\/b><\/span><\/em>. Ide\u00e1ln\u00ed pro ka\u017edodenn\u00ed hydrataci, po spr\u0161e, opalov\u00e1n\u00ed nebo jako sou\u010d\u00e1st mas\u00e1\u017en\u00edho ritu\u00e1lu.<\/p>\n","protected":false},"excerpt":{"rendered":"<p>Sv\u011b\u017eest, pru\u017enost a z\u00e1\u0159iv\u00e1 poko\u017eka ka\u017ed\u00fd den Tento lehk\u00fd t\u011blov\u00fd olej zanech\u00e1v\u00e1 poko\u017eku hebkou, pru\u017enou a rozjasn\u011bnou, rychle se vst\u0159eb\u00e1v\u00e1 bez mastn\u00e9ho filmua podporuje elasticitu. Sm\u011bs frakcionovan\u00e9ho kokosov\u00e9ho, kukui, jojobov\u00e9ho, meru\u0148kov\u00e9ho, baobabov\u00e9ho a emu oleje hluboce vy\u017eivuje a hydratuje, zat\u00edmco esenci\u00e1ln\u00ed oleje citronov\u00e9 tr\u00e1vy, m\u00e1ty, r\u016f\u017eov\u00e9ho d\u0159eva a ylang ylang osv\u011b\u017euj\u00ed a dod\u00e1vaj\u00ed energii. Ide\u00e1ln\u00ed [&hellip;]<\/p>\n","protected":false},"featured_media":132,"comment_status":"open","ping_status":"closed","template":"","meta":{"_acf_changed":false,"inline_featured_image":false},"product_brand":[],"product_cat":[18,20],"product_tag":[65,67,69,64,68,66],"usage_tags":[],"class_list":{"0":"post-166","1":"product","2":"type-product","3":"status-publish","4":"has-post-thumbnail","6":"product_cat-telo","7":"product_cat-telove-oleje","8":"product_tag-acne","9":"product_tag-dehydratovana","10":"product_tag-mastna","11":"product_tag-problematicka","12":"product_tag-sucha","13":"product_tag-unavena","15":"first","16":"instock","17":"shipping-taxable","18":"purchasable","19":"product-type-simple"},"acf":[],"_links":{"self":[{"href":"https:\/\/glowtallow.com\/cs\/wp-json\/wp\/v2\/product\/166","targetHints":{"allow":["GET"]}}],"collection":[{"href":"https:\/\/glowtallow.com\/cs\/wp-json\/wp\/v2\/product"}],"about":[{"href":"https:\/\/glowtallow.com\/cs\/wp-json\/wp\/v2\/types\/product"}],"replies":[{"embeddable":true,"href":"https:\/\/glowtallow.com\/cs\/wp-json\/wp\/v2\/comments?post=166"}],"wp:featuredmedia":[{"embeddable":true,"href":"https:\/\/glowtallow.com\/cs\/wp-json\/wp\/v2\/media\/132"}],"wp:attachment":[{"href":"https:\/\/glowtallow.com\/cs\/wp-json\/wp\/v2\/media?parent=166"}],"wp:term":[{"taxonomy":"product_brand","embeddable":true,"href":"https:\/\/glowtallow.com\/cs\/wp-json\/wp\/v2\/product_brand?post=166"},{"taxonomy":"product_cat","embeddable":true,"href":"https:\/\/glowtallow.com\/cs\/wp-json\/wp\/v2\/product_cat?post=166"},{"taxonomy":"product_tag","embeddable":true,"href":"https:\/\/glowtallow.com\/cs\/wp-json\/wp\/v2\/product_tag?post=166"},{"taxonomy":"usage_tags","embeddable":true,"href":"https:\/\/glowtallow.com\/cs\/wp-json\/wp\/v2\/usage_tags?post=166"}],"curies":[{"name":"wp","href":"https:\/\/api.w.org\/{rel}","templated":true}]}}