{"id":167,"date":"2025-06-10T22:29:11","date_gmt":"2025-06-10T20:29:11","guid":{"rendered":"https:\/\/glowtallow.pureweb.studio\/?post_type=product&#038;p=167"},"modified":"2026-01-05T13:43:38","modified_gmt":"2026-01-05T12:43:38","slug":"natural-balm-original","status":"publish","type":"product","link":"https:\/\/glowtallow.com\/cs\/produkt\/natural-balm-original\/","title":{"rendered":"Natural Balm | Original"},"content":{"rendered":"<p><strong>\u010cist\u00e1, univerz\u00e1ln\u00ed p\u00e9\u010de pro v\u0161echny typy pleti<\/strong><\/p>\n<p class=\"p1\">Tento p\u0159\u00edrodn\u00ed balz\u00e1m <em><span class=\"s1\"><b>zklid\u0148uje podr\u00e1\u017ed\u011bn\u00ed a zarudnut\u00ed<\/b><\/span>, <span class=\"s1\"><b>posiluje ochrannou bari\u00e9ru poko\u017eky<\/b><\/span> a <span class=\"s1\"><b>podporuje regeneraci<\/b><\/span><\/em>. 100% grass-fed tallow a bio jojobov\u00fd olej<em> <span class=\"s1\"><b>vy\u017eivuj\u00ed do hloubky<\/b><\/span>, <span class=\"s1\"><b>udr\u017euj\u00ed hydrataci<\/b><\/span> a <span class=\"s1\"><b>chr\u00e1n\u00ed poko\u017eku p\u0159ed vn\u011bj\u0161\u00edmi vlivy<\/b><\/span><\/em>. Snadno se vst\u0159eb\u00e1v\u00e1 a zanech\u00e1v\u00e1 ple\u0165 hebkou, vy\u017eivenou a v rovnov\u00e1ze \u2013 ide\u00e1ln\u00ed pro ka\u017edodenn\u00ed pou\u017eit\u00ed r\u00e1no i ve\u010der, na obli\u010dej i cel\u00e9 t\u011blo.<\/p>\n<p>Vhodn\u00e9 pro ka\u017edodenn\u00ed pou\u017eit\u00ed na obli\u010dej, rty, ruce i lok\u00e1ln\u00ed m\u00edsta, kter\u00e1 pot\u0159ebuj\u00ed extra p\u00e9\u010di.<\/p>\n","protected":false},"excerpt":{"rendered":"<p>\u010cist\u00e1, univerz\u00e1ln\u00ed p\u00e9\u010de pro v\u0161echny typy pleti Tento p\u0159\u00edrodn\u00ed balz\u00e1m zklid\u0148uje podr\u00e1\u017ed\u011bn\u00ed a zarudnut\u00ed, posiluje ochrannou bari\u00e9ru poko\u017eky a podporuje regeneraci. 100% grass-fed tallow a bio jojobov\u00fd olej vy\u017eivuj\u00ed do hloubky, udr\u017euj\u00ed hydrataci a chr\u00e1n\u00ed poko\u017eku p\u0159ed vn\u011bj\u0161\u00edmi vlivy. Snadno se vst\u0159eb\u00e1v\u00e1 a zanech\u00e1v\u00e1 ple\u0165 hebkou, vy\u017eivenou a v rovnov\u00e1ze \u2013 ide\u00e1ln\u00ed pro ka\u017edodenn\u00ed pou\u017eit\u00ed [&hellip;]<\/p>\n","protected":false},"featured_media":145,"comment_status":"open","ping_status":"closed","template":"","meta":{"_acf_changed":false,"inline_featured_image":false},"product_brand":[],"product_cat":[190,194,17,18],"product_tag":[65,70,71,67,69,64,68],"usage_tags":[],"class_list":{"0":"post-167","1":"product","2":"type-product","3":"status-publish","4":"has-post-thumbnail","6":"product_cat-balzamy-oblicej","7":"product_cat-balzamy-telo","8":"product_cat-oblicej","9":"product_cat-telo","10":"product_tag-acne","11":"product_tag-antiage","12":"product_tag-citliva","13":"product_tag-dehydratovana","14":"product_tag-mastna","15":"product_tag-problematicka","16":"product_tag-sucha","18":"first","19":"instock","20":"sale","21":"shipping-taxable","22":"purchasable","23":"product-type-variable","24":"has-default-attributes"},"acf":[],"_links":{"self":[{"href":"https:\/\/glowtallow.com\/cs\/wp-json\/wp\/v2\/product\/167","targetHints":{"allow":["GET"]}}],"collection":[{"href":"https:\/\/glowtallow.com\/cs\/wp-json\/wp\/v2\/product"}],"about":[{"href":"https:\/\/glowtallow.com\/cs\/wp-json\/wp\/v2\/types\/product"}],"replies":[{"embeddable":true,"href":"https:\/\/glowtallow.com\/cs\/wp-json\/wp\/v2\/comments?post=167"}],"wp:featuredmedia":[{"embeddable":true,"href":"https:\/\/glowtallow.com\/cs\/wp-json\/wp\/v2\/media\/145"}],"wp:attachment":[{"href":"https:\/\/glowtallow.com\/cs\/wp-json\/wp\/v2\/media?parent=167"}],"wp:term":[{"taxonomy":"product_brand","embeddable":true,"href":"https:\/\/glowtallow.com\/cs\/wp-json\/wp\/v2\/product_brand?post=167"},{"taxonomy":"product_cat","embeddable":true,"href":"https:\/\/glowtallow.com\/cs\/wp-json\/wp\/v2\/product_cat?post=167"},{"taxonomy":"product_tag","embeddable":true,"href":"https:\/\/glowtallow.com\/cs\/wp-json\/wp\/v2\/product_tag?post=167"},{"taxonomy":"usage_tags","embeddable":true,"href":"https:\/\/glowtallow.com\/cs\/wp-json\/wp\/v2\/usage_tags?post=167"}],"curies":[{"name":"wp","href":"https:\/\/api.w.org\/{rel}","templated":true}]}}