{"id":169,"date":"2025-06-10T22:33:14","date_gmt":"2025-06-10T20:33:14","guid":{"rendered":"https:\/\/glowtallow.pureweb.studio\/?post_type=product&#038;p=169"},"modified":"2026-01-05T13:42:00","modified_gmt":"2026-01-05T12:42:00","slug":"natural-balm-levander","status":"publish","type":"product","link":"https:\/\/glowtallow.com\/cs\/produkt\/natural-balm-levander\/","title":{"rendered":"Natural Balm | Lavender"},"content":{"rendered":"<p><strong>Zklidn\u011bn\u00ed a harmonie pro poko\u017eku i smysly<\/strong><\/p>\n<p class=\"p1\">Tento p\u0159\u00edrodn\u00ed balz\u00e1m<em> <span class=\"s1\"><b>zklid\u0148uje podr\u00e1\u017ed\u011bn\u00ed<\/b><\/span>, <span class=\"s1\"><b>posiluje ko\u017en\u00ed bari\u00e9ru<\/b><\/span> a <span class=\"s1\"><b>navrac\u00ed rovnov\u00e1hu i t\u00e9 nejcitliv\u011bj\u0161\u00ed pleti<\/b><\/span><\/em>. 100% grass-fed tallow, bio jojobov\u00fd olej a esenci\u00e1ln\u00ed olej z prav\u00e9 levandule <em><span class=\"s1\"><b>vy\u017eivuj\u00ed do hloubky<\/b><\/span>, <span class=\"s1\"><b>obnovuj\u00ed hydrataci<\/b><\/span> a <span class=\"s1\"><b>chr\u00e1n\u00ed poko\u017eku p\u0159ed vn\u011bj\u0161\u00edmi vlivy<\/b><\/span><\/em>. Snadno se vst\u0159eb\u00e1v\u00e1 a p\u0159in\u00e1\u0161\u00ed dlouhotrvaj\u00edc\u00ed hebkost \u2013 r\u00e1no pro sv\u011b\u017e\u00ed start, ve\u010der pro uvoln\u011bn\u00ed a regeneraci.<\/p>\n","protected":false},"excerpt":{"rendered":"<p>Zklidn\u011bn\u00ed a harmonie pro poko\u017eku i smysly Tento p\u0159\u00edrodn\u00ed balz\u00e1m zklid\u0148uje podr\u00e1\u017ed\u011bn\u00ed, posiluje ko\u017en\u00ed bari\u00e9ru a navrac\u00ed rovnov\u00e1hu i t\u00e9 nejcitliv\u011bj\u0161\u00ed pleti. 100% grass-fed tallow, bio jojobov\u00fd olej a esenci\u00e1ln\u00ed olej z prav\u00e9 levandule vy\u017eivuj\u00ed do hloubky, obnovuj\u00ed hydrataci a chr\u00e1n\u00ed poko\u017eku p\u0159ed vn\u011bj\u0161\u00edmi vlivy. Snadno se vst\u0159eb\u00e1v\u00e1 a p\u0159in\u00e1\u0161\u00ed dlouhotrvaj\u00edc\u00ed hebkost \u2013 r\u00e1no pro [&hellip;]<\/p>\n","protected":false},"featured_media":143,"comment_status":"open","ping_status":"closed","template":"","meta":{"_acf_changed":false,"inline_featured_image":false},"product_brand":[],"product_cat":[190,194,17,18],"product_tag":[65,70,67,64,68],"usage_tags":[],"class_list":{"0":"post-169","1":"product","2":"type-product","3":"status-publish","4":"has-post-thumbnail","6":"product_cat-balzamy-oblicej","7":"product_cat-balzamy-telo","8":"product_cat-oblicej","9":"product_cat-telo","10":"product_tag-acne","11":"product_tag-antiage","12":"product_tag-dehydratovana","13":"product_tag-problematicka","14":"product_tag-sucha","16":"first","17":"instock","18":"sale","19":"shipping-taxable","20":"purchasable","21":"product-type-variable","22":"has-default-attributes"},"acf":[],"_links":{"self":[{"href":"https:\/\/glowtallow.com\/cs\/wp-json\/wp\/v2\/product\/169","targetHints":{"allow":["GET"]}}],"collection":[{"href":"https:\/\/glowtallow.com\/cs\/wp-json\/wp\/v2\/product"}],"about":[{"href":"https:\/\/glowtallow.com\/cs\/wp-json\/wp\/v2\/types\/product"}],"replies":[{"embeddable":true,"href":"https:\/\/glowtallow.com\/cs\/wp-json\/wp\/v2\/comments?post=169"}],"wp:featuredmedia":[{"embeddable":true,"href":"https:\/\/glowtallow.com\/cs\/wp-json\/wp\/v2\/media\/143"}],"wp:attachment":[{"href":"https:\/\/glowtallow.com\/cs\/wp-json\/wp\/v2\/media?parent=169"}],"wp:term":[{"taxonomy":"product_brand","embeddable":true,"href":"https:\/\/glowtallow.com\/cs\/wp-json\/wp\/v2\/product_brand?post=169"},{"taxonomy":"product_cat","embeddable":true,"href":"https:\/\/glowtallow.com\/cs\/wp-json\/wp\/v2\/product_cat?post=169"},{"taxonomy":"product_tag","embeddable":true,"href":"https:\/\/glowtallow.com\/cs\/wp-json\/wp\/v2\/product_tag?post=169"},{"taxonomy":"usage_tags","embeddable":true,"href":"https:\/\/glowtallow.com\/cs\/wp-json\/wp\/v2\/usage_tags?post=169"}],"curies":[{"name":"wp","href":"https:\/\/api.w.org\/{rel}","templated":true}]}}