{"id":170,"date":"2025-06-10T22:34:47","date_gmt":"2025-06-10T20:34:47","guid":{"rendered":"https:\/\/glowtallow.pureweb.studio\/?post_type=product&#038;p=170"},"modified":"2025-12-16T06:27:52","modified_gmt":"2025-12-16T05:27:52","slug":"deodorant-bergamot-a-eucalyptus","status":"publish","type":"product","link":"https:\/\/glowtallow.com\/cs\/produkt\/deodorant-bergamot-a-eucalyptus\/","title":{"rendered":"Deodorant | Bergamot a Eucalyptus"},"content":{"rendered":"<p><strong>Sv\u011b\u017e\u00ed ochrana a p\u00e9\u010de pro citlivou poko\u017eku<\/strong><\/p>\n<p class=\"p1\"><span class=\"s1\">Tento p\u0159\u00edrodn\u00ed deodorant <\/span><em><b>neutralizuje pachy bez podr\u00e1\u017ed\u011bn\u00ed a bez hlin\u00edku<\/b><span class=\"s1\">, <\/span><b>absorbuje vlhkost a udr\u017euje podpa\u017e\u00ed such\u00e9, ale d\u00fdchaj\u00edc\u00ed<\/b><span class=\"s1\"> a <\/span><b>pe\u010duje o citlivou poko\u017eku<\/b><\/em><span class=\"s1\">. Tallow, kokosov\u00fd olej, jemn\u00e1 jedl\u00e1 soda a zinek <\/span><em><b>p\u016fsob\u00ed antibakteri\u00e1ln\u011b<\/b><\/em><span class=\"s1\"> a <\/span><em><b>zklid\u0148uj\u00ed podr\u00e1\u017ed\u011bn\u00ed<\/b><\/em><span class=\"s1\">, zat\u00edmco arrowroot a kaolin <\/span><em><b>pom\u00e1haj\u00ed udr\u017eet sv\u011b\u017eest po cel\u00fd den<\/b><\/em><span class=\"s1\">. Esenci\u00e1ln\u00ed oleje bergamotu, eukalyptu a rozmar\u00fdnu <\/span><em><b>dod\u00e1vaj\u00ed osv\u011b\u017euj\u00edc\u00ed v\u016fni<\/b><\/em><span class=\"s1\"> a podporuj\u00ed pocit \u010distoty a energie.<\/span><\/p>\n","protected":false},"excerpt":{"rendered":"<p>Sv\u011b\u017e\u00ed ochrana a p\u00e9\u010de pro citlivou poko\u017eku Tento p\u0159\u00edrodn\u00ed deodorant neutralizuje pachy bez podr\u00e1\u017ed\u011bn\u00ed a bez hlin\u00edku, absorbuje vlhkost a udr\u017euje podpa\u017e\u00ed such\u00e9, ale d\u00fdchaj\u00edc\u00ed a pe\u010duje o citlivou poko\u017eku. Tallow, kokosov\u00fd olej, jemn\u00e1 jedl\u00e1 soda a zinek p\u016fsob\u00ed antibakteri\u00e1ln\u011b a zklid\u0148uj\u00ed podr\u00e1\u017ed\u011bn\u00ed, zat\u00edmco arrowroot a kaolin pom\u00e1haj\u00ed udr\u017eet sv\u011b\u017eest po cel\u00fd den. Esenci\u00e1ln\u00ed oleje [&hellip;]<\/p>\n","protected":false},"featured_media":135,"comment_status":"open","ping_status":"closed","template":"","meta":{"_acf_changed":false,"inline_featured_image":false},"product_brand":[],"product_cat":[19],"product_tag":[72],"usage_tags":[],"class_list":{"0":"post-170","1":"product","2":"type-product","3":"status-publish","4":"has-post-thumbnail","6":"product_cat-deodoranty","7":"product_tag-all","9":"first","10":"instock","11":"shipping-taxable","12":"purchasable","13":"product-type-simple"},"acf":[],"_links":{"self":[{"href":"https:\/\/glowtallow.com\/cs\/wp-json\/wp\/v2\/product\/170","targetHints":{"allow":["GET"]}}],"collection":[{"href":"https:\/\/glowtallow.com\/cs\/wp-json\/wp\/v2\/product"}],"about":[{"href":"https:\/\/glowtallow.com\/cs\/wp-json\/wp\/v2\/types\/product"}],"replies":[{"embeddable":true,"href":"https:\/\/glowtallow.com\/cs\/wp-json\/wp\/v2\/comments?post=170"}],"wp:featuredmedia":[{"embeddable":true,"href":"https:\/\/glowtallow.com\/cs\/wp-json\/wp\/v2\/media\/135"}],"wp:attachment":[{"href":"https:\/\/glowtallow.com\/cs\/wp-json\/wp\/v2\/media?parent=170"}],"wp:term":[{"taxonomy":"product_brand","embeddable":true,"href":"https:\/\/glowtallow.com\/cs\/wp-json\/wp\/v2\/product_brand?post=170"},{"taxonomy":"product_cat","embeddable":true,"href":"https:\/\/glowtallow.com\/cs\/wp-json\/wp\/v2\/product_cat?post=170"},{"taxonomy":"product_tag","embeddable":true,"href":"https:\/\/glowtallow.com\/cs\/wp-json\/wp\/v2\/product_tag?post=170"},{"taxonomy":"usage_tags","embeddable":true,"href":"https:\/\/glowtallow.com\/cs\/wp-json\/wp\/v2\/usage_tags?post=170"}],"curies":[{"name":"wp","href":"https:\/\/api.w.org\/{rel}","templated":true}]}}