{"id":171,"date":"2025-06-10T22:35:59","date_gmt":"2025-06-10T20:35:59","guid":{"rendered":"https:\/\/glowtallow.pureweb.studio\/?post_type=product&#038;p=171"},"modified":"2026-01-05T13:39:01","modified_gmt":"2026-01-05T12:39:01","slug":"deodorant-blue-tansy","status":"publish","type":"product","link":"https:\/\/glowtallow.com\/cs\/produkt\/deodorant-blue-tansy\/","title":{"rendered":"Deodorant | Blue Tansy"},"content":{"rendered":"<p><strong>Sv\u011b\u017eest, ochrana a zklidn\u011bn\u00ed pro citlivou poko\u017eku.<\/strong><\/p>\n<p class=\"p1\"><span class=\"s1\">Tento p\u0159\u00edrodn\u00ed deodorant <\/span><em><b>neutralizuje pachy bez podr\u00e1\u017ed\u011bn\u00ed a bez hlin\u00edku<\/b><span class=\"s1\">, <\/span><b>absorbuje vlhkost a udr\u017euje podpa\u017e\u00ed such\u00e9, ale d\u00fdchaj\u00edc\u00ed<\/b><span class=\"s1\"> a <\/span><b>podporuje p\u0159irozenou rovnov\u00e1hu poko\u017eky<\/b><\/em><span class=\"s1\">. Tallow, kokosov\u00fd olej, jedl\u00e1 soda a zinek <\/span><em><b>p\u016fsob\u00ed antibakteri\u00e1ln\u011b<\/b><span class=\"s1\"> a <\/span><\/em><b><em>chr\u00e1n\u00ed i citlivou poko\u017ek<\/em>u<\/b><span class=\"s1\">, zat\u00edmco Blue Tansy <\/span><em><b>zklid\u0148uje podr\u00e1\u017ed\u011bn\u00ed<\/b><span class=\"s1\"> a <\/span><b>pom\u00e1h\u00e1 udr\u017eet poko\u017eku v harmonii<\/b><\/em><span class=\"s1\"><em>.<\/em> Lehk\u00e1 textura se snadno rozt\u00edr\u00e1 a nezanech\u00e1v\u00e1 stopy \u2013 pro celodenn\u00ed komfort a sv\u011b\u017eest.<\/span><\/p>\n","protected":false},"excerpt":{"rendered":"<p>Sv\u011b\u017eest, ochrana a zklidn\u011bn\u00ed pro citlivou poko\u017eku. Tento p\u0159\u00edrodn\u00ed deodorant neutralizuje pachy bez podr\u00e1\u017ed\u011bn\u00ed a bez hlin\u00edku, absorbuje vlhkost a udr\u017euje podpa\u017e\u00ed such\u00e9, ale d\u00fdchaj\u00edc\u00ed a podporuje p\u0159irozenou rovnov\u00e1hu poko\u017eky. Tallow, kokosov\u00fd olej, jedl\u00e1 soda a zinek p\u016fsob\u00ed antibakteri\u00e1ln\u011b a chr\u00e1n\u00ed i citlivou poko\u017eku, zat\u00edmco Blue Tansy zklid\u0148uje podr\u00e1\u017ed\u011bn\u00ed a pom\u00e1h\u00e1 udr\u017eet poko\u017eku v harmonii. [&hellip;]<\/p>\n","protected":false},"featured_media":136,"comment_status":"open","ping_status":"closed","template":"","meta":{"_acf_changed":false,"inline_featured_image":false},"product_brand":[],"product_cat":[73,19],"product_tag":[72],"usage_tags":[],"class_list":{"0":"post-171","1":"product","2":"type-product","3":"status-publish","4":"has-post-thumbnail","6":"product_cat-bestseller","7":"product_cat-deodoranty","8":"product_tag-all","10":"first","11":"instock","12":"shipping-taxable","13":"purchasable","14":"product-type-simple"},"acf":[],"_links":{"self":[{"href":"https:\/\/glowtallow.com\/cs\/wp-json\/wp\/v2\/product\/171","targetHints":{"allow":["GET"]}}],"collection":[{"href":"https:\/\/glowtallow.com\/cs\/wp-json\/wp\/v2\/product"}],"about":[{"href":"https:\/\/glowtallow.com\/cs\/wp-json\/wp\/v2\/types\/product"}],"replies":[{"embeddable":true,"href":"https:\/\/glowtallow.com\/cs\/wp-json\/wp\/v2\/comments?post=171"}],"wp:featuredmedia":[{"embeddable":true,"href":"https:\/\/glowtallow.com\/cs\/wp-json\/wp\/v2\/media\/136"}],"wp:attachment":[{"href":"https:\/\/glowtallow.com\/cs\/wp-json\/wp\/v2\/media?parent=171"}],"wp:term":[{"taxonomy":"product_brand","embeddable":true,"href":"https:\/\/glowtallow.com\/cs\/wp-json\/wp\/v2\/product_brand?post=171"},{"taxonomy":"product_cat","embeddable":true,"href":"https:\/\/glowtallow.com\/cs\/wp-json\/wp\/v2\/product_cat?post=171"},{"taxonomy":"product_tag","embeddable":true,"href":"https:\/\/glowtallow.com\/cs\/wp-json\/wp\/v2\/product_tag?post=171"},{"taxonomy":"usage_tags","embeddable":true,"href":"https:\/\/glowtallow.com\/cs\/wp-json\/wp\/v2\/usage_tags?post=171"}],"curies":[{"name":"wp","href":"https:\/\/api.w.org\/{rel}","templated":true}]}}