{"id":178,"date":"2025-06-10T22:43:45","date_gmt":"2025-06-10T20:43:45","guid":{"rendered":"https:\/\/glowtallow.pureweb.studio\/?post_type=product&#038;p=178"},"modified":"2026-01-05T13:27:55","modified_gmt":"2026-01-05T12:27:55","slug":"cleansing-oil-oily-skin","status":"publish","type":"product","link":"https:\/\/glowtallow.com\/cs\/produkt\/cleansing-oil-oily-skin\/","title":{"rendered":"Cleansing Oil | Oily Skin"},"content":{"rendered":"<p><strong>Hloubkov\u00e9 \u010di\u0161t\u011bn\u00ed a rovnov\u00e1ha pro mastnou ple\u0165<\/strong><\/p>\n<p class=\"p1\">Tento \u010distic\u00ed olej <em><span class=\"s1\"><b>odstra\u0148uje ne\u010distoty a p\u0159ebyte\u010dn\u00fd maz<\/b><\/span>, <span class=\"s1\"><b>uvol\u0148uje p\u00f3ry<\/b><\/span><\/em> a <em><span class=\"s1\"><b>pom\u00e1h\u00e1 zklidnit z\u00e1n\u011bty<\/b><\/span><\/em> \u2013 bez naru\u0161en\u00ed p\u0159irozen\u00e9 ko\u017en\u00ed bari\u00e9ry. Jojobov\u00fd, ricinov\u00fd, tamanu a baobabov\u00fd olej <em><span class=\"s1\"><b>podporuj\u00ed regeneraci<\/b><\/span>, <span class=\"s1\"><b>reguluj\u00ed tvorbu mazu<\/b><\/span><\/em> a <em><span class=\"s1\"><b>pom\u00e1haj\u00ed obnovit zdravou rovnov\u00e1hu pleti<\/b><\/span><\/em>. Tea tree, levandule a kadidlo <em><span class=\"s1\"><b>\u010dist\u00ed a detoxikuj\u00ed<\/b><\/span><\/em> problematickou ple\u0165 a p\u0159in\u00e1\u0161ej\u00ed pocit sv\u011b\u017eesti.<\/p>\n<p>V\u016fn\u011b je jemn\u00e1, ale osv\u011b\u017euj\u00edc\u00ed \u2013 p\u0159irozen\u00e1 esence \u010distoty a klidu.<\/p>\n","protected":false},"excerpt":{"rendered":"<p>Hloubkov\u00e9 \u010di\u0161t\u011bn\u00ed a rovnov\u00e1ha pro mastnou ple\u0165 Tento \u010distic\u00ed olej odstra\u0148uje ne\u010distoty a p\u0159ebyte\u010dn\u00fd maz, uvol\u0148uje p\u00f3ry a pom\u00e1h\u00e1 zklidnit z\u00e1n\u011bty \u2013 bez naru\u0161en\u00ed p\u0159irozen\u00e9 ko\u017en\u00ed bari\u00e9ry. Jojobov\u00fd, ricinov\u00fd, tamanu a baobabov\u00fd olej podporuj\u00ed regeneraci, reguluj\u00ed tvorbu mazu a pom\u00e1haj\u00ed obnovit zdravou rovnov\u00e1hu pleti. Tea tree, levandule a kadidlo \u010dist\u00ed a detoxikuj\u00ed problematickou ple\u0165 a [&hellip;]<\/p>\n","protected":false},"featured_media":134,"comment_status":"open","ping_status":"closed","template":"","meta":{"_acf_changed":false,"inline_featured_image":false},"product_brand":[],"product_cat":[22,17],"product_tag":[70,71,67,68],"usage_tags":[],"class_list":{"0":"post-178","1":"product","2":"type-product","3":"status-publish","4":"has-post-thumbnail","6":"product_cat-cistici-oleje","7":"product_cat-oblicej","8":"product_tag-antiage","9":"product_tag-citliva","10":"product_tag-dehydratovana","11":"product_tag-sucha","13":"first","14":"instock","15":"shipping-taxable","16":"purchasable","17":"product-type-simple"},"acf":[],"_links":{"self":[{"href":"https:\/\/glowtallow.com\/cs\/wp-json\/wp\/v2\/product\/178","targetHints":{"allow":["GET"]}}],"collection":[{"href":"https:\/\/glowtallow.com\/cs\/wp-json\/wp\/v2\/product"}],"about":[{"href":"https:\/\/glowtallow.com\/cs\/wp-json\/wp\/v2\/types\/product"}],"replies":[{"embeddable":true,"href":"https:\/\/glowtallow.com\/cs\/wp-json\/wp\/v2\/comments?post=178"}],"wp:featuredmedia":[{"embeddable":true,"href":"https:\/\/glowtallow.com\/cs\/wp-json\/wp\/v2\/media\/134"}],"wp:attachment":[{"href":"https:\/\/glowtallow.com\/cs\/wp-json\/wp\/v2\/media?parent=178"}],"wp:term":[{"taxonomy":"product_brand","embeddable":true,"href":"https:\/\/glowtallow.com\/cs\/wp-json\/wp\/v2\/product_brand?post=178"},{"taxonomy":"product_cat","embeddable":true,"href":"https:\/\/glowtallow.com\/cs\/wp-json\/wp\/v2\/product_cat?post=178"},{"taxonomy":"product_tag","embeddable":true,"href":"https:\/\/glowtallow.com\/cs\/wp-json\/wp\/v2\/product_tag?post=178"},{"taxonomy":"usage_tags","embeddable":true,"href":"https:\/\/glowtallow.com\/cs\/wp-json\/wp\/v2\/usage_tags?post=178"}],"curies":[{"name":"wp","href":"https:\/\/api.w.org\/{rel}","templated":true}]}}