{"id":179,"date":"2025-06-10T22:44:52","date_gmt":"2025-06-10T20:44:52","guid":{"rendered":"https:\/\/glowtallow.pureweb.studio\/?post_type=product&#038;p=179"},"modified":"2026-01-05T13:25:59","modified_gmt":"2026-01-05T12:25:59","slug":"cleansing-oil-dry-skin","status":"publish","type":"product","link":"https:\/\/glowtallow.com\/cs\/produkt\/cleansing-oil-dry-skin\/","title":{"rendered":"Cleansing Oil | Dry Skin"},"content":{"rendered":"<p><strong>Vy\u010dist\u011bte ple\u0165, obnovte jej\u00ed rovnov\u00e1hu<\/strong><\/p>\n<p class=\"p1\">Tento jemn\u00fd \u010distic\u00ed olej <em><span class=\"s1\"><b>odstra\u0148uje ne\u010distoty a make-up bez vysu\u0161en\u00ed<\/b><\/span>, <span class=\"s1\"><b>chr\u00e1n\u00ed p\u0159irozenou ko\u017en\u00ed bari\u00e9ru<\/b><\/span><\/em> a <em><span class=\"s1\"><b>navrac\u00ed pleti pru\u017enost a hebkost<\/b><\/span><\/em>. Sm\u011bs jojobov\u00e9ho, meru\u0148kov\u00e9ho, \u0161\u00edpkov\u00e9ho a emu oleje<em> <span class=\"s1\"><b>zklid\u0148uje a vy\u017eivuje<\/b><\/span><\/em>, zat\u00edmco ricinov\u00fd a kokosov\u00fd olej <em><span class=\"s1\"><b>uvol\u0148uj\u00ed p\u00f3ry<\/b><\/span><\/em>. Jemn\u00e1 v\u016fn\u011b sladk\u00e9ho pomeran\u010de, pelargonie a levandule prom\u011bn\u00ed \u010di\u0161t\u011bn\u00ed v <em><span class=\"s1\"><b>uklid\u0148uj\u00edc\u00ed ritu\u00e1l<\/b><\/span><\/em>, po kter\u00e9m je ple\u0165 \u010dist\u00e1, klidn\u00e1 a p\u0159ipraven\u00e1 na dal\u0161\u00ed p\u00e9\u010di.<\/p>\n","protected":false},"excerpt":{"rendered":"<p>Vy\u010dist\u011bte ple\u0165, obnovte jej\u00ed rovnov\u00e1hu Tento jemn\u00fd \u010distic\u00ed olej odstra\u0148uje ne\u010distoty a make-up bez vysu\u0161en\u00ed, chr\u00e1n\u00ed p\u0159irozenou ko\u017en\u00ed bari\u00e9ru a navrac\u00ed pleti pru\u017enost a hebkost. Sm\u011bs jojobov\u00e9ho, meru\u0148kov\u00e9ho, \u0161\u00edpkov\u00e9ho a emu oleje zklid\u0148uje a vy\u017eivuje, zat\u00edmco ricinov\u00fd a kokosov\u00fd olej uvol\u0148uj\u00ed p\u00f3ry. Jemn\u00e1 v\u016fn\u011b sladk\u00e9ho pomeran\u010de, pelargonie a levandule prom\u011bn\u00ed \u010di\u0161t\u011bn\u00ed v uklid\u0148uj\u00edc\u00ed ritu\u00e1l, po [&hellip;]<\/p>\n","protected":false},"featured_media":133,"comment_status":"open","ping_status":"closed","template":"","meta":{"_acf_changed":false,"inline_featured_image":false},"product_brand":[],"product_cat":[22,17],"product_tag":[70,71,67,68],"usage_tags":[],"class_list":{"0":"post-179","1":"product","2":"type-product","3":"status-publish","4":"has-post-thumbnail","6":"product_cat-cistici-oleje","7":"product_cat-oblicej","8":"product_tag-antiage","9":"product_tag-citliva","10":"product_tag-dehydratovana","11":"product_tag-sucha","13":"first","14":"instock","15":"shipping-taxable","16":"purchasable","17":"product-type-simple"},"acf":[],"_links":{"self":[{"href":"https:\/\/glowtallow.com\/cs\/wp-json\/wp\/v2\/product\/179","targetHints":{"allow":["GET"]}}],"collection":[{"href":"https:\/\/glowtallow.com\/cs\/wp-json\/wp\/v2\/product"}],"about":[{"href":"https:\/\/glowtallow.com\/cs\/wp-json\/wp\/v2\/types\/product"}],"replies":[{"embeddable":true,"href":"https:\/\/glowtallow.com\/cs\/wp-json\/wp\/v2\/comments?post=179"}],"wp:featuredmedia":[{"embeddable":true,"href":"https:\/\/glowtallow.com\/cs\/wp-json\/wp\/v2\/media\/133"}],"wp:attachment":[{"href":"https:\/\/glowtallow.com\/cs\/wp-json\/wp\/v2\/media?parent=179"}],"wp:term":[{"taxonomy":"product_brand","embeddable":true,"href":"https:\/\/glowtallow.com\/cs\/wp-json\/wp\/v2\/product_brand?post=179"},{"taxonomy":"product_cat","embeddable":true,"href":"https:\/\/glowtallow.com\/cs\/wp-json\/wp\/v2\/product_cat?post=179"},{"taxonomy":"product_tag","embeddable":true,"href":"https:\/\/glowtallow.com\/cs\/wp-json\/wp\/v2\/product_tag?post=179"},{"taxonomy":"usage_tags","embeddable":true,"href":"https:\/\/glowtallow.com\/cs\/wp-json\/wp\/v2\/usage_tags?post=179"}],"curies":[{"name":"wp","href":"https:\/\/api.w.org\/{rel}","templated":true}]}}