{"id":180,"date":"2025-06-10T22:46:29","date_gmt":"2025-06-10T20:46:29","guid":{"rendered":"https:\/\/glowtallow.pureweb.studio\/?post_type=product&#038;p=180"},"modified":"2026-01-05T13:19:15","modified_gmt":"2026-01-05T12:19:15","slug":"eye-elixir-absolute","status":"publish","type":"product","link":"https:\/\/glowtallow.com\/cs\/produkt\/eye-elixir-absolute\/","title":{"rendered":"Eye Elixir Absolute"},"content":{"rendered":"<p class=\"p1\"><b>Rozjasn\u011bte pohled, zjemn\u011bte \u010das<\/b><\/p>\n<p class=\"p1\">Tich\u00fd dotek p\u0159\u00edrody pro va\u0161e o\u010di \u2013 jemn\u00e9 pohlazen\u00ed, kter\u00e9 <em><strong>rozjasn\u00ed pohled<\/strong><\/em>, <em><strong>zjemn\u00ed vr\u00e1sky<\/strong><\/em> a <em><strong>navr\u00e1t\u00ed<\/strong><\/em> pleti <strong><em>pru\u017enost<\/em><\/strong>. Vz\u00e1cn\u00e1 sm\u011bs emu oleje, bakuchiolu, kv\u011btu opuncie a mikro\u0159asy vy\u017eivuje, zklid\u0148uje a posiluje ochrannou bari\u00e9ru pleti. Lehce se vst\u0159eb\u00e1 a zanech\u00e1 ple\u0165 hebkou a sv\u011b\u017e\u00ed \u2013 ide\u00e1ln\u00ed<em><strong> pro rann\u00ed probuzen\u00ed i ve\u010dern\u00ed regeneraci<\/strong><\/em>.<\/p>\n","protected":false},"excerpt":{"rendered":"<p>Rozjasn\u011bte pohled, zjemn\u011bte \u010das Tich\u00fd dotek p\u0159\u00edrody pro va\u0161e o\u010di \u2013 jemn\u00e9 pohlazen\u00ed, kter\u00e9 rozjasn\u00ed pohled, zjemn\u00ed vr\u00e1sky a navr\u00e1t\u00ed pleti pru\u017enost. Vz\u00e1cn\u00e1 sm\u011bs emu oleje, bakuchiolu, kv\u011btu opuncie a mikro\u0159asy vy\u017eivuje, zklid\u0148uje a posiluje ochrannou bari\u00e9ru pleti. Lehce se vst\u0159eb\u00e1 a zanech\u00e1 ple\u0165 hebkou a sv\u011b\u017e\u00ed \u2013 ide\u00e1ln\u00ed pro rann\u00ed probuzen\u00ed i ve\u010dern\u00ed regeneraci.<\/p>\n","protected":false},"featured_media":139,"comment_status":"open","ping_status":"closed","template":"","meta":{"_acf_changed":false,"inline_featured_image":false},"product_brand":[],"product_cat":[122,132],"product_tag":[158,151,152,156],"usage_tags":[],"class_list":{"0":"post-180","1":"product","2":"type-product","3":"status-publish","4":"has-post-thumbnail","6":"product_cat-viso","7":"product_cat-elisir-occhi","8":"product_tag-anti-eta","9":"product_tag-disidratata","10":"product_tag-secca","11":"product_tag-stanca","13":"first","14":"instock","15":"shipping-taxable","16":"purchasable","17":"product-type-simple"},"acf":[],"_links":{"self":[{"href":"https:\/\/glowtallow.com\/cs\/wp-json\/wp\/v2\/product\/180","targetHints":{"allow":["GET"]}}],"collection":[{"href":"https:\/\/glowtallow.com\/cs\/wp-json\/wp\/v2\/product"}],"about":[{"href":"https:\/\/glowtallow.com\/cs\/wp-json\/wp\/v2\/types\/product"}],"replies":[{"embeddable":true,"href":"https:\/\/glowtallow.com\/cs\/wp-json\/wp\/v2\/comments?post=180"}],"wp:featuredmedia":[{"embeddable":true,"href":"https:\/\/glowtallow.com\/cs\/wp-json\/wp\/v2\/media\/139"}],"wp:attachment":[{"href":"https:\/\/glowtallow.com\/cs\/wp-json\/wp\/v2\/media?parent=180"}],"wp:term":[{"taxonomy":"product_brand","embeddable":true,"href":"https:\/\/glowtallow.com\/cs\/wp-json\/wp\/v2\/product_brand?post=180"},{"taxonomy":"product_cat","embeddable":true,"href":"https:\/\/glowtallow.com\/cs\/wp-json\/wp\/v2\/product_cat?post=180"},{"taxonomy":"product_tag","embeddable":true,"href":"https:\/\/glowtallow.com\/cs\/wp-json\/wp\/v2\/product_tag?post=180"},{"taxonomy":"usage_tags","embeddable":true,"href":"https:\/\/glowtallow.com\/cs\/wp-json\/wp\/v2\/usage_tags?post=180"}],"curies":[{"name":"wp","href":"https:\/\/api.w.org\/{rel}","templated":true}]}}