{"id":1692,"date":"2025-10-17T10:56:10","date_gmt":"2025-10-17T08:56:10","guid":{"rendered":"https:\/\/glowtallow.com\/vraceni-zbozi\/"},"modified":"2025-10-17T10:58:12","modified_gmt":"2025-10-17T08:58:12","slug":"retouren","status":"publish","type":"page","link":"https:\/\/glowtallow.com\/de\/retouren\/","title":{"rendered":"Retouren"},"content":{"rendered":"\n<p>Widerrufsrecht \u2013 Glow Tallow s.r.o.<\/p>\n\n\n\n<p>1. Widerrufsbelehrung<\/p>\n\n\n\n<p>Sie haben das Recht, diesen Vertrag innerhalb von vierzehn (14) Tagen ohne Angabe von Gr\u00fcnden zu widerrufen.<\/p>\n\n\n\n<p>Die Widerrufsfrist betr\u00e4gt vierzehn Tage ab dem Tag, an dem Sie oder ein von Ihnen benannter Dritter, der nicht der Bef\u00f6rderer ist, die Waren in Besitz genommen haben.<\/p>\n\n\n\n<p>Um Ihr Widerrufsrecht auszu\u00fcben, m\u00fcssen Sie uns<\/p>\n\n\n\n<p>Glow Tallow s.r.o.<\/p>\n\n\n\n<p>Rohansk\u00e9 n\u00e1b\u0159e\u017e\u00ed 671\/15<\/p>\n\n\n\n<p>186 00 Praha \u2013 Karl\u00edn<\/p>\n\n\n\n<p>Tschechische Republik<\/p>\n\n\n\n<p>E-Mail: care@glowtallow.com<\/p>\n\n\n\n<p>Telefon: +420 728 929 590<\/p>\n\n\n\n<p>mittels einer eindeutigen Erkl\u00e4rung (z. B. per E-Mail oder per Post) \u00fcber Ihren Entschluss informieren, diesen Vertrag zu widerrufen.<\/p>\n\n\n\n<p>Wenn Sie diese M\u00f6glichkeit nutzen, best\u00e4tigen wir den Eingang Ihres Widerrufs unverz\u00fcglich (z. B. per E-Mail). Sie k\u00f6nnen daf\u00fcr das unten beigef\u00fcgte Muster-Widerrufsformular verwenden, das jedoch nicht verpflichtend ist.<\/p>\n\n\n\n<p>Zur Wahrung der Widerrufsfrist reicht es aus, dass Sie die Mitteilung \u00fcber die Aus\u00fcbung des Widerrufsrechts vor Ablauf der Frist absenden.<\/p>\n\n\n\n<p>\u2e3b<\/p>\n\n\n\n<p>Folgen des Widerrufs<\/p>\n\n\n\n<p>Wenn Sie diesen Vertrag widerrufen, erstatten wir Ihnen alle Zahlungen, die wir von Ihnen erhalten haben, einschlie\u00dflich der Lieferkosten (mit Ausnahme zus\u00e4tzlicher Kosten, die entstehen, weil Sie eine andere Art der Lieferung als die von uns angebotene g\u00fcnstigste Standardlieferung gew\u00e4hlt haben).<\/p>\n\n\n\n<p>Die R\u00fcckzahlung erfolgt unverz\u00fcglich, sp\u00e4testens binnen vierzehn Tagen ab dem Tag, an dem die Mitteilung \u00fcber Ihren Widerruf bei uns eingegangen ist.<\/p>\n\n\n\n<p>F\u00fcr die R\u00fcckzahlung verwenden wir dasselbe Zahlungsmittel, das Sie bei der urspr\u00fcnglichen Transaktion eingesetzt haben, es sei denn, es wurde ausdr\u00fccklich etwas anderes vereinbart. In keinem Fall werden Ihnen f\u00fcr diese R\u00fcckzahlung Entgelte berechnet.<\/p>\n\n\n\n<p>Wir k\u00f6nnen die R\u00fcckzahlung verweigern, bis wir die Waren zur\u00fcckerhalten haben oder bis Sie den Nachweis erbracht haben, dass Sie die Waren zur\u00fcckgesendet haben \u2013 je nachdem, welches Ereignis zuerst eintritt.<\/p>\n\n\n\n<p>Sie haben die Waren unverz\u00fcglich und in jedem Fall sp\u00e4testens innerhalb von vierzehn Tagen ab dem Tag, an dem Sie uns \u00fcber den Widerruf informieren, an uns zur\u00fcckzusenden oder zu \u00fcbergeben.<\/p>\n\n\n\n<p>Die Frist gilt als eingehalten, wenn Sie die Waren vor Ablauf der 14-Tage-Frist absenden.<\/p>\n\n\n\n<p>Sie tragen die unmittelbaren Kosten der R\u00fccksendung der Waren.<\/p>\n\n\n\n<p>Sie haften nur f\u00fcr einen etwaigen Wertverlust der Waren, wenn dieser Wertverlust auf einen Umgang mit den Waren zur\u00fcckzuf\u00fchren ist, der nicht notwendig war, um deren Beschaffenheit, Eigenschaften und Funktionsweise zu pr\u00fcfen.<\/p>\n\n\n\n<p>\u2e3b<\/p>\n\n\n\n<p>2. Ausschluss des Widerrufsrechts<\/p>\n\n\n\n<p>Das Widerrufsrecht besteht nicht bei Vertr\u00e4gen<\/p>\n\n\n\n<p>\u2022 zur Lieferung von versiegelten Waren, die aus Gr\u00fcnden des Gesundheitsschutzes oder der Hygiene nicht zur R\u00fcckgabe geeignet sind, wenn die Versiegelung nach der Lieferung entfernt oder besch\u00e4digt wurde,<\/p>\n\n\n\n<p>\u2022 sowie bei Waren, die nach Kundenspezifikation angefertigt oder eindeutig auf pers\u00f6nliche Bed\u00fcrfnisse zugeschnitten sind.<\/p>\n\n\n\n<p>\u26a0\ufe0f Wichtiger Hinweis:<\/p>\n\n\n\n<p>Eine R\u00fcckgabe ist nur m\u00f6glich, wenn das Sicherheits- oder Hygienesiegel unbesch\u00e4digt ist.<\/p>\n\n\n\n<p>\u2e3b<\/p>\n\n\n\n<p>Muster-Widerrufsformular<\/p>\n\n\n\n<p>(Wenn Sie den Vertrag widerrufen m\u00f6chten, f\u00fcllen Sie bitte dieses Formular aus und senden Sie es an uns zur\u00fcck.)<\/p>\n\n\n\n<p>An:<\/p>\n\n\n\n<p>Glow Tallow s.r.o.<\/p>\n\n\n\n<p>Rohansk\u00e9 n\u00e1b\u0159e\u017e\u00ed 671\/15<\/p>\n\n\n\n<p>186 00 Praha \u2013 Karl\u00edn<\/p>\n\n\n\n<p>Tschechische Republik<\/p>\n\n\n\n<p>E-Mail: care@glowtallow.com<\/p>\n\n\n\n<p>\u2e3b<\/p>\n\n\n\n<p>Hiermit widerrufe(n) ich\/wir () den von mir\/uns () abgeschlossenen Vertrag \u00fcber den Kauf der folgenden Waren (*):<\/p>\n\n\n\n<p>Bestellt am () \/ erhalten am ()<\/p>\n\n\n\n<p>Name des\/der Verbraucher(s): _________________________________<\/p>\n\n\n\n<p>Anschrift des\/der Verbraucher(s): _________________________________<\/p>\n\n\n\n<p>Unterschrift des\/der Verbraucher(s) (nur bei Mitteilung auf Papier)<\/p>\n\n\n\n<p>Datum: ____________________<\/p>\n\n\n\n<p>(*) Unzutreffendes streichen.<\/p>\n","protected":false},"excerpt":{"rendered":"<p>Widerrufsrecht \u2013 Glow Tallow s.r.o. 1. Widerrufsbelehrung Sie haben das Recht, diesen Vertrag innerhalb von vierzehn (14) Tagen ohne Angabe von Gr\u00fcnden zu widerrufen. Die Widerrufsfrist betr\u00e4gt vierzehn Tage ab dem Tag, an dem Sie oder ein von Ihnen benannter Dritter, der nicht der Bef\u00f6rderer ist, die Waren in Besitz genommen haben. Um Ihr Widerrufsrecht [&hellip;]<\/p>\n","protected":false},"author":2,"featured_media":0,"parent":0,"menu_order":0,"comment_status":"closed","ping_status":"closed","template":"","meta":{"_acf_changed":false,"inline_featured_image":false,"footnotes":""},"class_list":["post-1692","page","type-page","status-publish","hentry"],"acf":[],"_links":{"self":[{"href":"https:\/\/glowtallow.com\/de\/wp-json\/wp\/v2\/pages\/1692","targetHints":{"allow":["GET"]}}],"collection":[{"href":"https:\/\/glowtallow.com\/de\/wp-json\/wp\/v2\/pages"}],"about":[{"href":"https:\/\/glowtallow.com\/de\/wp-json\/wp\/v2\/types\/page"}],"author":[{"embeddable":true,"href":"https:\/\/glowtallow.com\/de\/wp-json\/wp\/v2\/users\/2"}],"replies":[{"embeddable":true,"href":"https:\/\/glowtallow.com\/de\/wp-json\/wp\/v2\/comments?post=1692"}],"version-history":[{"count":0,"href":"https:\/\/glowtallow.com\/de\/wp-json\/wp\/v2\/pages\/1692\/revisions"}],"wp:attachment":[{"href":"https:\/\/glowtallow.com\/de\/wp-json\/wp\/v2\/media?parent=1692"}],"curies":[{"name":"wp","href":"https:\/\/api.w.org\/{rel}","templated":true}]}}