{"id":1163,"date":"2025-06-10T22:42:07","date_gmt":"2025-06-10T20:42:07","guid":{"rendered":"https:\/\/glowtallow.pureweb.studio\/produkt\/serum-anti-aging\/"},"modified":"2025-11-13T18:41:33","modified_gmt":"2025-11-13T17:41:33","slug":"serum-anti-aging","status":"publish","type":"product","link":"https:\/\/glowtallow.com\/de\/produkt\/serum-anti-aging\/","title":{"rendered":"Serum | Anti-Aging"},"content":{"rendered":"<p><strong>Verleihen Sie Ihrer Haut neue Spannkraft und Ausstrahlung<\/strong><\/p>\n<p class=\"p1\">Dieses intensive Serum <em><span class=\"s1\"><b>gl\u00e4ttet feine Linien<\/b><\/span>, <span class=\"s1\"><b>stellt Festigkeit und Elastizit\u00e4t wieder her<\/b><\/span><\/em> und <em><span class=\"s1\"><b>vereinheitlicht den Hautton<\/b><\/span><\/em> \u2013 ohne Irritationen, auch bei langfristiger Anwendung. Bakuchiol, Astaxanthin und Granatapfel\u00f6l <em><span class=\"s1\"><b>f\u00f6rdern die Regeneration<\/b><\/span>, <span class=\"s1\"><b>sch\u00fctzen vor \u00e4u\u00dferen Einfl\u00fcssen<\/b><\/span><\/em> und <span class=\"s1\"><b><em>schenken der Haut ihre nat\u00fcrliche Strahlkraft zur\u00fcck<\/em><\/b><\/span>. Emu\u00f6l zusammen mit Moringa-, Aprikosen- und Kaktusfeigenbl\u00fcten\u00f6l <em><span class=\"s1\"><b>n\u00e4hrt die Haut intensiv<\/b><\/span><\/em> und <em><span class=\"s1\"><b>beruhigt sie<\/b><\/span><\/em>, sodass sie weich, fest und im Gleichgewicht bleibt \u2013 morgens und abends.<\/p>\n","protected":false},"excerpt":{"rendered":"<p>Verleihen Sie Ihrer Haut neue Spannkraft und Ausstrahlung Dieses intensive Serum gl\u00e4ttet feine Linien, stellt Festigkeit und Elastizit\u00e4t wieder her und vereinheitlicht den Hautton \u2013 ohne Irritationen, auch bei langfristiger Anwendung. Bakuchiol, Astaxanthin und Granatapfel\u00f6l f\u00f6rdern die Regeneration, sch\u00fctzen vor \u00e4u\u00dferen Einfl\u00fcssen und schenken der Haut ihre nat\u00fcrliche Strahlkraft zur\u00fcck. Emu\u00f6l zusammen mit Moringa-, Aprikosen- [&hellip;]<\/p>\n","protected":false},"featured_media":1164,"comment_status":"open","ping_status":"closed","template":"","meta":{"_acf_changed":false,"inline_featured_image":false},"product_brand":[],"product_cat":[118,121,123],"product_tag":[159,141,160,140,142],"usage_tags":[],"class_list":{"0":"post-1163","1":"product","2":"type-product","3":"status-publish","4":"has-post-thumbnail","6":"product_cat-bestseller","7":"product_cat-gesicht","8":"product_cat-seren","9":"product_tag-anti-age","10":"product_tag-dehydriert","11":"product_tag-empfindlich","12":"product_tag-mude","13":"product_tag-trocken","15":"first","16":"instock","17":"shipping-taxable","18":"purchasable","19":"product-type-simple"},"acf":[],"_links":{"self":[{"href":"https:\/\/glowtallow.com\/de\/wp-json\/wp\/v2\/product\/1163","targetHints":{"allow":["GET"]}}],"collection":[{"href":"https:\/\/glowtallow.com\/de\/wp-json\/wp\/v2\/product"}],"about":[{"href":"https:\/\/glowtallow.com\/de\/wp-json\/wp\/v2\/types\/product"}],"replies":[{"embeddable":true,"href":"https:\/\/glowtallow.com\/de\/wp-json\/wp\/v2\/comments?post=1163"}],"wp:featuredmedia":[{"embeddable":true,"href":"https:\/\/glowtallow.com\/de\/wp-json\/wp\/v2\/media\/1164"}],"wp:attachment":[{"href":"https:\/\/glowtallow.com\/de\/wp-json\/wp\/v2\/media?parent=1163"}],"wp:term":[{"taxonomy":"product_brand","embeddable":true,"href":"https:\/\/glowtallow.com\/de\/wp-json\/wp\/v2\/product_brand?post=1163"},{"taxonomy":"product_cat","embeddable":true,"href":"https:\/\/glowtallow.com\/de\/wp-json\/wp\/v2\/product_cat?post=1163"},{"taxonomy":"product_tag","embeddable":true,"href":"https:\/\/glowtallow.com\/de\/wp-json\/wp\/v2\/product_tag?post=1163"},{"taxonomy":"usage_tags","embeddable":true,"href":"https:\/\/glowtallow.com\/de\/wp-json\/wp\/v2\/usage_tags?post=1163"}],"curies":[{"name":"wp","href":"https:\/\/api.w.org\/{rel}","templated":true}]}}