{"id":1170,"date":"2025-06-10T22:43:45","date_gmt":"2025-06-10T20:43:45","guid":{"rendered":"https:\/\/glowtallow.pureweb.studio\/produkt\/reinigungsoel-fettige-haut\/"},"modified":"2025-11-13T18:37:51","modified_gmt":"2025-11-13T17:37:51","slug":"reinigungsoel-fettige-haut","status":"publish","type":"product","link":"https:\/\/glowtallow.com\/de\/produkt\/reinigungsoel-fettige-haut\/","title":{"rendered":"Reinigungs\u00f6l | Fettige Haut"},"content":{"rendered":"<p><strong>Tiefenreinigung und Balance f\u00fcr fettige Haut<\/strong><\/p>\n<p class=\"p1\">Dieses Reinigungs\u00f6l <em><span class=\"s1\"><b>entfernt Unreinheiten und \u00fcbersch\u00fcssigen Talg<\/b><\/span>, <span class=\"s1\"><b>\u00f6ffnet verstopfte Poren<\/b><\/span><\/em> und <em><span class=\"s1\"><b>hilft, Entz\u00fcndungen zu beruhigen<\/b><\/span><\/em> \u2013 ohne die nat\u00fcrliche Hautbarriere zu beeintr\u00e4chtigen. Jojoba-, Rizinus-, Tamanu- und Baobab\u00f6l <em><span class=\"s1\"><b>f\u00f6rdern die Regeneration<\/b><\/span>, <span class=\"s1\"><b>regulieren die Talgproduktion<\/b><\/span><\/em> und <em><span class=\"s1\"><b>unterst\u00fctzen das nat\u00fcrliche Gleichgewicht der Haut<\/b><\/span><\/em>. Teebaum, Lavendel und Weihrauch <em><span class=\"s1\"><b>reinigen und entgiften<\/b><\/span><\/em> problematische Haut und sorgen f\u00fcr ein erfrischendes Gef\u00fchl.<\/p>\n<p>Der Duft ist dezent und zugleich belebend \u2013 eine nat\u00fcrliche Essenz von Reinheit und Ruhe.<\/p>\n","protected":false},"excerpt":{"rendered":"<p>Tiefenreinigung und Balance f\u00fcr fettige Haut Dieses Reinigungs\u00f6l entfernt Unreinheiten und \u00fcbersch\u00fcssigen Talg, \u00f6ffnet verstopfte Poren und hilft, Entz\u00fcndungen zu beruhigen \u2013 ohne die nat\u00fcrliche Hautbarriere zu beeintr\u00e4chtigen. Jojoba-, Rizinus-, Tamanu- und Baobab\u00f6l f\u00f6rdern die Regeneration, regulieren die Talgproduktion und unterst\u00fctzen das nat\u00fcrliche Gleichgewicht der Haut. Teebaum, Lavendel und Weihrauch reinigen und entgiften problematische Haut [&hellip;]<\/p>\n","protected":false},"featured_media":1172,"comment_status":"open","ping_status":"closed","template":"","meta":{"_acf_changed":false,"inline_featured_image":false},"product_brand":[],"product_cat":[121,129],"product_tag":[159,141,160,142],"usage_tags":[],"class_list":{"0":"post-1170","1":"product","2":"type-product","3":"status-publish","4":"has-post-thumbnail","6":"product_cat-gesicht","7":"product_cat-reinigungsole","8":"product_tag-anti-age","9":"product_tag-dehydriert","10":"product_tag-empfindlich","11":"product_tag-trocken","13":"first","14":"instock","15":"shipping-taxable","16":"purchasable","17":"product-type-simple"},"acf":[],"_links":{"self":[{"href":"https:\/\/glowtallow.com\/de\/wp-json\/wp\/v2\/product\/1170","targetHints":{"allow":["GET"]}}],"collection":[{"href":"https:\/\/glowtallow.com\/de\/wp-json\/wp\/v2\/product"}],"about":[{"href":"https:\/\/glowtallow.com\/de\/wp-json\/wp\/v2\/types\/product"}],"replies":[{"embeddable":true,"href":"https:\/\/glowtallow.com\/de\/wp-json\/wp\/v2\/comments?post=1170"}],"wp:featuredmedia":[{"embeddable":true,"href":"https:\/\/glowtallow.com\/de\/wp-json\/wp\/v2\/media\/1172"}],"wp:attachment":[{"href":"https:\/\/glowtallow.com\/de\/wp-json\/wp\/v2\/media?parent=1170"}],"wp:term":[{"taxonomy":"product_brand","embeddable":true,"href":"https:\/\/glowtallow.com\/de\/wp-json\/wp\/v2\/product_brand?post=1170"},{"taxonomy":"product_cat","embeddable":true,"href":"https:\/\/glowtallow.com\/de\/wp-json\/wp\/v2\/product_cat?post=1170"},{"taxonomy":"product_tag","embeddable":true,"href":"https:\/\/glowtallow.com\/de\/wp-json\/wp\/v2\/product_tag?post=1170"},{"taxonomy":"usage_tags","embeddable":true,"href":"https:\/\/glowtallow.com\/de\/wp-json\/wp\/v2\/usage_tags?post=1170"}],"curies":[{"name":"wp","href":"https:\/\/api.w.org\/{rel}","templated":true}]}}