{"id":1178,"date":"2025-06-10T22:44:52","date_gmt":"2025-06-10T20:44:52","guid":{"rendered":"https:\/\/glowtallow.pureweb.studio\/produkt\/reinigungsoel-trockene-haut\/"},"modified":"2025-11-13T18:35:33","modified_gmt":"2025-11-13T17:35:33","slug":"reinigungsoel-trockene-haut","status":"publish","type":"product","link":"https:\/\/glowtallow.com\/de\/produkt\/reinigungsoel-trockene-haut\/","title":{"rendered":"Reinigungs\u00f6l | Trockene Haut"},"content":{"rendered":"<p><strong>Reinigen Sie Ihre Haut, stellen Sie ihr Gleichgewicht wieder her<\/strong><\/p>\n<p class=\"p1\">Dieses sanfte Reinigungs\u00f6l <em><span class=\"s1\"><b>entfernt Unreinheiten und Make-up ohne auszutrocknen<\/b><\/span>, <span class=\"s1\"><b>sch\u00fctzt die nat\u00fcrliche Hautbarriere<\/b><\/span><\/em> und <em><span class=\"s1\"><b>verleiht der Haut neue Elastizit\u00e4t und Geschmeidigkeit<\/b><\/span><\/em>. Eine Mischung aus Jojoba-, Aprikosen-, Hagebutten- und Emu\u00f6l <em><span class=\"s1\"><b>beruhigt und n\u00e4hrt<\/b><\/span><\/em>, w\u00e4hrend Rizinus- und Kokos\u00f6l <em><span class=\"s1\"><b>die Poren befreien<\/b><\/span><\/em>. Der zarte Duft von S\u00fc\u00dforange, Geranie und Lavendel verwandelt die Reinigung in ein <em><span class=\"s1\"><b>beruhigendes Ritual<\/b><\/span><\/em>, nach dem die Haut sauber, entspannt und bereit f\u00fcr die weitere Pflege ist.<\/p>\n","protected":false},"excerpt":{"rendered":"<p>Reinigen Sie Ihre Haut, stellen Sie ihr Gleichgewicht wieder her Dieses sanfte Reinigungs\u00f6l entfernt Unreinheiten und Make-up ohne auszutrocknen, sch\u00fctzt die nat\u00fcrliche Hautbarriere und verleiht der Haut neue Elastizit\u00e4t und Geschmeidigkeit. Eine Mischung aus Jojoba-, Aprikosen-, Hagebutten- und Emu\u00f6l beruhigt und n\u00e4hrt, w\u00e4hrend Rizinus- und Kokos\u00f6l die Poren befreien. Der zarte Duft von S\u00fc\u00dforange, Geranie [&hellip;]<\/p>\n","protected":false},"featured_media":1180,"comment_status":"open","ping_status":"closed","template":"","meta":{"_acf_changed":false,"inline_featured_image":false},"product_brand":[],"product_cat":[121,129],"product_tag":[159,141,160,142],"usage_tags":[],"class_list":{"0":"post-1178","1":"product","2":"type-product","3":"status-publish","4":"has-post-thumbnail","6":"product_cat-gesicht","7":"product_cat-reinigungsole","8":"product_tag-anti-age","9":"product_tag-dehydriert","10":"product_tag-empfindlich","11":"product_tag-trocken","13":"first","14":"instock","15":"shipping-taxable","16":"purchasable","17":"product-type-simple"},"acf":[],"_links":{"self":[{"href":"https:\/\/glowtallow.com\/de\/wp-json\/wp\/v2\/product\/1178","targetHints":{"allow":["GET"]}}],"collection":[{"href":"https:\/\/glowtallow.com\/de\/wp-json\/wp\/v2\/product"}],"about":[{"href":"https:\/\/glowtallow.com\/de\/wp-json\/wp\/v2\/types\/product"}],"replies":[{"embeddable":true,"href":"https:\/\/glowtallow.com\/de\/wp-json\/wp\/v2\/comments?post=1178"}],"wp:featuredmedia":[{"embeddable":true,"href":"https:\/\/glowtallow.com\/de\/wp-json\/wp\/v2\/media\/1180"}],"wp:attachment":[{"href":"https:\/\/glowtallow.com\/de\/wp-json\/wp\/v2\/media?parent=1178"}],"wp:term":[{"taxonomy":"product_brand","embeddable":true,"href":"https:\/\/glowtallow.com\/de\/wp-json\/wp\/v2\/product_brand?post=1178"},{"taxonomy":"product_cat","embeddable":true,"href":"https:\/\/glowtallow.com\/de\/wp-json\/wp\/v2\/product_cat?post=1178"},{"taxonomy":"product_tag","embeddable":true,"href":"https:\/\/glowtallow.com\/de\/wp-json\/wp\/v2\/product_tag?post=1178"},{"taxonomy":"usage_tags","embeddable":true,"href":"https:\/\/glowtallow.com\/de\/wp-json\/wp\/v2\/usage_tags?post=1178"}],"curies":[{"name":"wp","href":"https:\/\/api.w.org\/{rel}","templated":true}]}}