{"id":1186,"date":"2025-06-10T22:46:29","date_gmt":"2025-06-10T20:46:29","guid":{"rendered":"https:\/\/glowtallow.pureweb.studio\/produkt\/eye-elixir-absolute\/"},"modified":"2025-12-08T10:02:15","modified_gmt":"2025-12-08T09:02:15","slug":"eye-elixir-absolute","status":"publish","type":"product","link":"https:\/\/glowtallow.com\/de\/produkt\/eye-elixir-absolute\/","title":{"rendered":"Eye Elixir Absolute"},"content":{"rendered":"<p class=\"p1\"><b>Verleihen Sie Ihrem Blick Leuchtkraft, mildern Sie die Zeit<\/b><\/p>\n<p class=\"p1\">Eine stille Ber\u00fchrung der Natur f\u00fcr Ihre Augen \u2013 eine sanfte Pflege, die <em><strong>den Blick erhellt<\/strong><\/em>, <em><strong>F\u00e4ltchen gl\u00e4ttet<\/strong><\/em> und der Haut <em><strong>Elastizit\u00e4t zur\u00fcckgibt<\/strong><\/em>. Eine kostbare Mischung aus Emu\u00f6l, Bakuchiol, Kaktusfeigenbl\u00fcte und Mikroalge n\u00e4hrt, beruhigt und st\u00e4rkt die Schutzbarriere der Haut. Sie zieht leicht ein und hinterl\u00e4sst die Haut weich und erfrischt \u2013 ideal <em><strong>zum morgendlichen Erwachen und zur n\u00e4chtlichen Regeneration<\/strong><\/em>.<\/p>\n","protected":false},"excerpt":{"rendered":"<p>Verleihen Sie Ihrem Blick Leuchtkraft, mildern Sie die Zeit Eine stille Ber\u00fchrung der Natur f\u00fcr Ihre Augen \u2013 eine sanfte Pflege, die den Blick erhellt, F\u00e4ltchen gl\u00e4ttet und der Haut Elastizit\u00e4t zur\u00fcckgibt. Eine kostbare Mischung aus Emu\u00f6l, Bakuchiol, Kaktusfeigenbl\u00fcte und Mikroalge n\u00e4hrt, beruhigt und st\u00e4rkt die Schutzbarriere der Haut. Sie zieht leicht ein und hinterl\u00e4sst [&hellip;]<\/p>\n","protected":false},"featured_media":1188,"comment_status":"open","ping_status":"closed","template":"","meta":{"_acf_changed":false,"inline_featured_image":false},"product_brand":[],"product_cat":[120,121],"product_tag":[159,141,140,142],"usage_tags":[],"class_list":{"0":"post-1186","1":"product","2":"type-product","3":"status-publish","4":"has-post-thumbnail","6":"product_cat-augenelixier","7":"product_cat-gesicht","8":"product_tag-anti-age","9":"product_tag-dehydriert","10":"product_tag-mude","11":"product_tag-trocken","13":"first","14":"instock","15":"shipping-taxable","16":"purchasable","17":"product-type-simple"},"acf":[],"_links":{"self":[{"href":"https:\/\/glowtallow.com\/de\/wp-json\/wp\/v2\/product\/1186","targetHints":{"allow":["GET"]}}],"collection":[{"href":"https:\/\/glowtallow.com\/de\/wp-json\/wp\/v2\/product"}],"about":[{"href":"https:\/\/glowtallow.com\/de\/wp-json\/wp\/v2\/types\/product"}],"replies":[{"embeddable":true,"href":"https:\/\/glowtallow.com\/de\/wp-json\/wp\/v2\/comments?post=1186"}],"wp:featuredmedia":[{"embeddable":true,"href":"https:\/\/glowtallow.com\/de\/wp-json\/wp\/v2\/media\/1188"}],"wp:attachment":[{"href":"https:\/\/glowtallow.com\/de\/wp-json\/wp\/v2\/media?parent=1186"}],"wp:term":[{"taxonomy":"product_brand","embeddable":true,"href":"https:\/\/glowtallow.com\/de\/wp-json\/wp\/v2\/product_brand?post=1186"},{"taxonomy":"product_cat","embeddable":true,"href":"https:\/\/glowtallow.com\/de\/wp-json\/wp\/v2\/product_cat?post=1186"},{"taxonomy":"product_tag","embeddable":true,"href":"https:\/\/glowtallow.com\/de\/wp-json\/wp\/v2\/product_tag?post=1186"},{"taxonomy":"usage_tags","embeddable":true,"href":"https:\/\/glowtallow.com\/de\/wp-json\/wp\/v2\/usage_tags?post=1186"}],"curies":[{"name":"wp","href":"https:\/\/api.w.org\/{rel}","templated":true}]}}