{"id":643,"date":"2025-06-10T22:38:24","date_gmt":"2025-06-10T20:38:24","guid":{"rendered":"https:\/\/glowtallow.pureweb.studio\/produkt\/deodorant-lemongrass\/"},"modified":"2025-12-10T13:52:51","modified_gmt":"2025-12-10T12:52:51","slug":"deodorant-lemongrass","status":"publish","type":"product","link":"https:\/\/glowtallow.com\/de\/produkt\/deodorant-lemongrass\/","title":{"rendered":"Deodorant | Lemongrass"},"content":{"rendered":"<p><strong>Frische und Schutz den ganzen Tag \u2013 ohne Kompromisse.<\/strong><\/p>\n<p class=\"p1\"><span class=\"s1\">Dieses nat\u00fcrliche Deo <\/span><em><b>neutralisiert Ger\u00fcche ohne Reizungen und ohne Aluminium<\/b><span class=\"s1\">, <\/span><b>absorbiert Feuchtigkeit und h\u00e4lt die Achseln trocken und dennoch atmungsaktiv<\/b><\/em><span class=\"s1\">, w\u00e4hrend es <\/span><em><b>die empfindliche Haut pflegt<\/b><\/em><span class=\"s1\">. Weidetalg, Kokos\u00f6l, Natron und Zink <\/span><b><em>wirken antibakteriell<\/em><\/b><span class=\"s1\"> und <\/span><em><b>unterst\u00fctzen das nat\u00fcrliche Gleichgewicht der Haut<\/b><\/em><span class=\"s1\">. Arrowroot und Kaolin <\/span><em><b>nehmen \u00fcbersch\u00fcssige Feuchtigkeit auf<\/b><\/em><span class=\"s1\">, w\u00e4hrend der frische Duft von Zitronengras <\/span><em><b>ein Gef\u00fchl von Reinheit und Leichtigkeit verleiht<\/b><\/em><span class=\"s1\"> \u2013 zuverl\u00e4ssiger Schutz von morgens bis abends.<\/span><\/p>\n","protected":false},"excerpt":{"rendered":"<p>Frische und Schutz den ganzen Tag \u2013 ohne Kompromisse. Dieses nat\u00fcrliche Deo neutralisiert Ger\u00fcche ohne Reizungen und ohne Aluminium, absorbiert Feuchtigkeit und h\u00e4lt die Achseln trocken und dennoch atmungsaktiv, w\u00e4hrend es die empfindliche Haut pflegt. Weidetalg, Kokos\u00f6l, Natron und Zink wirken antibakteriell und unterst\u00fctzen das nat\u00fcrliche Gleichgewicht der Haut. Arrowroot und Kaolin nehmen \u00fcbersch\u00fcssige Feuchtigkeit [&hellip;]<\/p>\n","protected":false},"featured_media":645,"comment_status":"open","ping_status":"closed","template":"","meta":{"_acf_changed":false,"inline_featured_image":false},"product_brand":[],"product_cat":[97],"product_tag":[98],"usage_tags":[],"class_list":{"0":"post-643","1":"product","2":"type-product","3":"status-publish","4":"has-post-thumbnail","6":"product_cat-deo","7":"product_tag-all","9":"first","10":"instock","11":"sale","12":"shipping-taxable","13":"purchasable","14":"product-type-simple"},"acf":[],"_links":{"self":[{"href":"https:\/\/glowtallow.com\/de\/wp-json\/wp\/v2\/product\/643","targetHints":{"allow":["GET"]}}],"collection":[{"href":"https:\/\/glowtallow.com\/de\/wp-json\/wp\/v2\/product"}],"about":[{"href":"https:\/\/glowtallow.com\/de\/wp-json\/wp\/v2\/types\/product"}],"replies":[{"embeddable":true,"href":"https:\/\/glowtallow.com\/de\/wp-json\/wp\/v2\/comments?post=643"}],"wp:featuredmedia":[{"embeddable":true,"href":"https:\/\/glowtallow.com\/de\/wp-json\/wp\/v2\/media\/645"}],"wp:attachment":[{"href":"https:\/\/glowtallow.com\/de\/wp-json\/wp\/v2\/media?parent=643"}],"wp:term":[{"taxonomy":"product_brand","embeddable":true,"href":"https:\/\/glowtallow.com\/de\/wp-json\/wp\/v2\/product_brand?post=643"},{"taxonomy":"product_cat","embeddable":true,"href":"https:\/\/glowtallow.com\/de\/wp-json\/wp\/v2\/product_cat?post=643"},{"taxonomy":"product_tag","embeddable":true,"href":"https:\/\/glowtallow.com\/de\/wp-json\/wp\/v2\/product_tag?post=643"},{"taxonomy":"usage_tags","embeddable":true,"href":"https:\/\/glowtallow.com\/de\/wp-json\/wp\/v2\/usage_tags?post=643"}],"curies":[{"name":"wp","href":"https:\/\/api.w.org\/{rel}","templated":true}]}}