{"id":654,"date":"2025-06-10T21:53:26","date_gmt":"2025-06-10T19:53:26","guid":{"rendered":"https:\/\/glowtallow.pureweb.studio\/produkt\/654\/"},"modified":"2025-11-13T19:11:46","modified_gmt":"2025-11-13T18:11:46","slug":"654","status":"publish","type":"product","link":"https:\/\/glowtallow.com\/de\/produkt\/654\/","title":{"rendered":"K\u00f6rper\u00f6l | Blue Tansy"},"content":{"rendered":"<p><strong>Beruhigung, Pflege und ein zarter Glow f\u00fcr Ihre Haut<\/strong><\/p>\n<p>Dieses leichte K\u00f6rper\u00f6l <em><span class=\"s1\"><b>n\u00e4hrt und macht die Haut geschmeidig<\/b><\/span>, <span class=\"s1\"><b>stellt ihr Gleichgewicht und ihre Feuchtigkeit wieder her<\/b><\/span> und <span class=\"s1\"><b>beruhigt Irritationen<\/b><\/span><\/em> \u2013 ohne fettiges Gef\u00fchl. Eine Mischung aus fraktioniertem Kokos-, Kukui-, Marula-, Hagebutten-, Granatapfel- und Emu\u00f6l <span class=\"s1\"><b><em>regeneriert, sch\u00fctzt und unterst\u00fctzt die Elastizit\u00e4t<\/em><\/b><\/span>, w\u00e4hrend Blue Tansy <em><span class=\"s1\"><b>R\u00f6tungen lindert und Haut wie Sinne harmonisiert<\/b><\/span><\/em>. Ideal f\u00fcr die t\u00e4gliche Pflege, nach dem Sonnenbad oder als Teil des Abendrituals.<\/p>\n<p>F\u00fcr Momente des Zu-sich-selbst-Kommens \u2013 nach der Dusche, nach der Sonne, nach einem langen Tag. Der Duft von Kr\u00e4utern und Minze reinigt, erfrischt und beruhigt auch einen m\u00fcden Geist.<\/p>\n<p>&nbsp;<\/p>\n","protected":false},"excerpt":{"rendered":"<p>Beruhigung, Pflege und ein zarter Glow f\u00fcr Ihre Haut Dieses leichte K\u00f6rper\u00f6l n\u00e4hrt und macht die Haut geschmeidig, stellt ihr Gleichgewicht und ihre Feuchtigkeit wieder her und beruhigt Irritationen \u2013 ohne fettiges Gef\u00fchl. Eine Mischung aus fraktioniertem Kokos-, Kukui-, Marula-, Hagebutten-, Granatapfel- und Emu\u00f6l regeneriert, sch\u00fctzt und unterst\u00fctzt die Elastizit\u00e4t, w\u00e4hrend Blue Tansy R\u00f6tungen lindert [&hellip;]<\/p>\n","protected":false},"featured_media":655,"comment_status":"open","ping_status":"closed","template":"","meta":{"_acf_changed":false,"inline_featured_image":false},"product_brand":[],"product_cat":[125,127],"product_tag":[159,141,160,142],"usage_tags":[],"class_list":{"0":"post-654","1":"product","2":"type-product","3":"status-publish","4":"has-post-thumbnail","6":"product_cat-korper","7":"product_cat-korperole","8":"product_tag-anti-age","9":"product_tag-dehydriert","10":"product_tag-empfindlich","11":"product_tag-trocken","13":"first","14":"instock","15":"shipping-taxable","16":"purchasable","17":"product-type-simple"},"acf":[],"_links":{"self":[{"href":"https:\/\/glowtallow.com\/de\/wp-json\/wp\/v2\/product\/654","targetHints":{"allow":["GET"]}}],"collection":[{"href":"https:\/\/glowtallow.com\/de\/wp-json\/wp\/v2\/product"}],"about":[{"href":"https:\/\/glowtallow.com\/de\/wp-json\/wp\/v2\/types\/product"}],"replies":[{"embeddable":true,"href":"https:\/\/glowtallow.com\/de\/wp-json\/wp\/v2\/comments?post=654"}],"wp:featuredmedia":[{"embeddable":true,"href":"https:\/\/glowtallow.com\/de\/wp-json\/wp\/v2\/media\/655"}],"wp:attachment":[{"href":"https:\/\/glowtallow.com\/de\/wp-json\/wp\/v2\/media?parent=654"}],"wp:term":[{"taxonomy":"product_brand","embeddable":true,"href":"https:\/\/glowtallow.com\/de\/wp-json\/wp\/v2\/product_brand?post=654"},{"taxonomy":"product_cat","embeddable":true,"href":"https:\/\/glowtallow.com\/de\/wp-json\/wp\/v2\/product_cat?post=654"},{"taxonomy":"product_tag","embeddable":true,"href":"https:\/\/glowtallow.com\/de\/wp-json\/wp\/v2\/product_tag?post=654"},{"taxonomy":"usage_tags","embeddable":true,"href":"https:\/\/glowtallow.com\/de\/wp-json\/wp\/v2\/usage_tags?post=654"}],"curies":[{"name":"wp","href":"https:\/\/api.w.org\/{rel}","templated":true}]}}