{"id":664,"date":"2025-06-10T22:27:24","date_gmt":"2025-06-10T20:27:24","guid":{"rendered":"https:\/\/glowtallow.pureweb.studio\/produkt\/body-oil-lemongrass\/"},"modified":"2025-11-13T19:08:50","modified_gmt":"2025-11-13T18:08:50","slug":"body-oil-lemongrass","status":"publish","type":"product","link":"https:\/\/glowtallow.com\/de\/produkt\/body-oil-lemongrass\/","title":{"rendered":"K\u00f6rper\u00f6l | Zitronengras"},"content":{"rendered":"<p><strong>Frische, Elastizit\u00e4t und strahlende Haut \u2013 jeden Tag<\/strong><\/p>\n<p class=\"p1\">Dieses leichte K\u00f6rper\u00f6l <em><span class=\"s1\"><b>macht die Haut weich, geschmeidig und strahlend<\/b><\/span>, <span class=\"s1\"><b>zieht schnell ein, ohne einen fettigen Film zu hinterlassen<\/b><\/span> und <\/em><span class=\"s1\"><b><em>unterst\u00fctzt die Elastizit\u00e4t<\/em><\/b><\/span>. Eine Mischung aus fraktioniertem Kokos-, Kukui-, Jojoba-, Aprikosen-, Baobab- und Emu\u00f6l <em><span class=\"s1\"><b>n\u00e4hrt und spendet intensiv Feuchtigkeit<\/b><\/span><\/em>, w\u00e4hrend \u00e4therische \u00d6le von Zitronengras, Minze, Rosenholz und Ylang Ylang <em><span class=\"s1\"><b>erfrischen und Energie schenken<\/b><\/span><\/em>. Ideal f\u00fcr die t\u00e4gliche Pflege, nach der Dusche, dem Sonnenbad oder als Teil eines Massagerituals.<\/p>\n","protected":false},"excerpt":{"rendered":"<p>Frische, Elastizit\u00e4t und strahlende Haut \u2013 jeden Tag Dieses leichte K\u00f6rper\u00f6l macht die Haut weich, geschmeidig und strahlend, zieht schnell ein, ohne einen fettigen Film zu hinterlassen und unterst\u00fctzt die Elastizit\u00e4t. Eine Mischung aus fraktioniertem Kokos-, Kukui-, Jojoba-, Aprikosen-, Baobab- und Emu\u00f6l n\u00e4hrt und spendet intensiv Feuchtigkeit, w\u00e4hrend \u00e4therische \u00d6le von Zitronengras, Minze, Rosenholz und [&hellip;]<\/p>\n","protected":false},"featured_media":666,"comment_status":"open","ping_status":"closed","template":"","meta":{"_acf_changed":false,"inline_featured_image":false},"product_brand":[],"product_cat":[125,127],"product_tag":[139,141,143,140,138,142],"usage_tags":[],"class_list":{"0":"post-664","1":"product","2":"type-product","3":"status-publish","4":"has-post-thumbnail","6":"product_cat-korper","7":"product_cat-korperole","8":"product_tag-akne","9":"product_tag-dehydriert","10":"product_tag-fettig","11":"product_tag-mude","12":"product_tag-problematisch","13":"product_tag-trocken","15":"first","16":"instock","17":"shipping-taxable","18":"purchasable","19":"product-type-simple"},"acf":[],"_links":{"self":[{"href":"https:\/\/glowtallow.com\/de\/wp-json\/wp\/v2\/product\/664","targetHints":{"allow":["GET"]}}],"collection":[{"href":"https:\/\/glowtallow.com\/de\/wp-json\/wp\/v2\/product"}],"about":[{"href":"https:\/\/glowtallow.com\/de\/wp-json\/wp\/v2\/types\/product"}],"replies":[{"embeddable":true,"href":"https:\/\/glowtallow.com\/de\/wp-json\/wp\/v2\/comments?post=664"}],"wp:featuredmedia":[{"embeddable":true,"href":"https:\/\/glowtallow.com\/de\/wp-json\/wp\/v2\/media\/666"}],"wp:attachment":[{"href":"https:\/\/glowtallow.com\/de\/wp-json\/wp\/v2\/media?parent=664"}],"wp:term":[{"taxonomy":"product_brand","embeddable":true,"href":"https:\/\/glowtallow.com\/de\/wp-json\/wp\/v2\/product_brand?post=664"},{"taxonomy":"product_cat","embeddable":true,"href":"https:\/\/glowtallow.com\/de\/wp-json\/wp\/v2\/product_cat?post=664"},{"taxonomy":"product_tag","embeddable":true,"href":"https:\/\/glowtallow.com\/de\/wp-json\/wp\/v2\/product_tag?post=664"},{"taxonomy":"usage_tags","embeddable":true,"href":"https:\/\/glowtallow.com\/de\/wp-json\/wp\/v2\/usage_tags?post=664"}],"curies":[{"name":"wp","href":"https:\/\/api.w.org\/{rel}","templated":true}]}}