{"id":694,"date":"2025-06-10T22:30:31","date_gmt":"2025-06-10T20:30:31","guid":{"rendered":"https:\/\/glowtallow.pureweb.studio\/produkt\/natural-balm-lemongrass\/"},"modified":"2025-11-13T19:00:56","modified_gmt":"2025-11-13T18:00:56","slug":"natural-balm-lemongrass","status":"publish","type":"product","link":"https:\/\/glowtallow.com\/de\/produkt\/natural-balm-lemongrass\/","title":{"rendered":"Natural Balm | Zitronengras"},"content":{"rendered":"<p><strong>Reinheit, Frische und Energie f\u00fcr Ihre Haut<\/strong><\/p>\n<p class=\"p1\">Dieser nat\u00fcrliche Balsam <em><span class=\"s1\"><b>reinigt und erfrischt die Haut ohne Irritationen<\/b><\/span>, <span class=\"s1\"><b>stellt die Feuchtigkeit wieder her<\/b><\/span> und <span class=\"s1\"><b>st\u00e4rkt die Hautbarriere<\/b><\/span><\/em>. 100% Weide-Talg, Bio-Jojoba\u00f6l und \u00e4therisches Zitronengras\u00f6l <em><span class=\"s1\"><b>wirken antibakteriell und antiseptisch<\/b><\/span>, <span class=\"s1\"><b>unterst\u00fctzen das Gleichgewicht des Hautmikrobioms<\/b><\/span> und <span class=\"s1\"><b>schenken der Haut Leuchtkraft und Geschmeidigkeit<\/b><\/span><\/em>. Zieht leicht ein und hinterl\u00e4sst die Haut gesch\u00fctzt und erfrischt \u2013 ideal nach dem Sport, im Sommer oder als belebende Pflege nach einem langen Tag.<\/p>\n","protected":false},"excerpt":{"rendered":"<p>Reinheit, Frische und Energie f\u00fcr Ihre Haut Dieser nat\u00fcrliche Balsam reinigt und erfrischt die Haut ohne Irritationen, stellt die Feuchtigkeit wieder her und st\u00e4rkt die Hautbarriere. 100% Weide-Talg, Bio-Jojoba\u00f6l und \u00e4therisches Zitronengras\u00f6l wirken antibakteriell und antiseptisch, unterst\u00fctzen das Gleichgewicht des Hautmikrobioms und schenken der Haut Leuchtkraft und Geschmeidigkeit. Zieht leicht ein und hinterl\u00e4sst die Haut [&hellip;]<\/p>\n","protected":false},"featured_media":696,"comment_status":"open","ping_status":"closed","template":"","meta":{"_acf_changed":false,"inline_featured_image":false},"product_brand":[],"product_cat":[192,195,118,121,125],"product_tag":[141,143,140,142],"usage_tags":[],"class_list":{"0":"post-694","1":"product","2":"type-product","3":"status-publish","4":"has-post-thumbnail","6":"product_cat-gesichtsbalsame","7":"product_cat-korperbalsame","8":"product_cat-bestseller","9":"product_cat-gesicht","10":"product_cat-korper","11":"product_tag-dehydriert","12":"product_tag-fettig","13":"product_tag-mude","14":"product_tag-trocken","16":"first","17":"instock","18":"sale","19":"shipping-taxable","20":"purchasable","21":"product-type-variable","22":"has-default-attributes"},"acf":[],"_links":{"self":[{"href":"https:\/\/glowtallow.com\/de\/wp-json\/wp\/v2\/product\/694","targetHints":{"allow":["GET"]}}],"collection":[{"href":"https:\/\/glowtallow.com\/de\/wp-json\/wp\/v2\/product"}],"about":[{"href":"https:\/\/glowtallow.com\/de\/wp-json\/wp\/v2\/types\/product"}],"replies":[{"embeddable":true,"href":"https:\/\/glowtallow.com\/de\/wp-json\/wp\/v2\/comments?post=694"}],"wp:featuredmedia":[{"embeddable":true,"href":"https:\/\/glowtallow.com\/de\/wp-json\/wp\/v2\/media\/696"}],"wp:attachment":[{"href":"https:\/\/glowtallow.com\/de\/wp-json\/wp\/v2\/media?parent=694"}],"wp:term":[{"taxonomy":"product_brand","embeddable":true,"href":"https:\/\/glowtallow.com\/de\/wp-json\/wp\/v2\/product_brand?post=694"},{"taxonomy":"product_cat","embeddable":true,"href":"https:\/\/glowtallow.com\/de\/wp-json\/wp\/v2\/product_cat?post=694"},{"taxonomy":"product_tag","embeddable":true,"href":"https:\/\/glowtallow.com\/de\/wp-json\/wp\/v2\/product_tag?post=694"},{"taxonomy":"usage_tags","embeddable":true,"href":"https:\/\/glowtallow.com\/de\/wp-json\/wp\/v2\/usage_tags?post=694"}],"curies":[{"name":"wp","href":"https:\/\/api.w.org\/{rel}","templated":true}]}}