{"id":730,"date":"2025-06-10T22:34:47","date_gmt":"2025-06-10T20:34:47","guid":{"rendered":"https:\/\/glowtallow.pureweb.studio\/produkt\/bergamot-eukalyptus-deo\/"},"modified":"2025-12-16T06:29:37","modified_gmt":"2025-12-16T05:29:37","slug":"bergamot-eukalyptus-deo","status":"publish","type":"product","link":"https:\/\/glowtallow.com\/de\/produkt\/bergamot-eukalyptus-deo\/","title":{"rendered":"Deodorant | Bergamotte &#038; Eukalyptus"},"content":{"rendered":"<p><strong>Frischer Schutz und Pflege f\u00fcr empfindliche Haut<\/strong><\/p>\n<p class=\"p1\"><span class=\"s1\">Dieses nat\u00fcrliche Deo <\/span><em><b>neutralisiert Ger\u00fcche ohne Reizungen und ohne Aluminium<\/b><span class=\"s1\">, <\/span><b>absorbiert Feuchtigkeit und h\u00e4lt die Achseln trocken, aber atmungsaktiv<\/b><span class=\"s1\"> und <\/span><b>pflegt empfindliche Haut<\/b><\/em><span class=\"s1\">. Talg, Kokos\u00f6l, sanftes Natron und Zink <\/span><em><b>wirken antibakteriell<\/b><\/em><span class=\"s1\"> und <\/span><em><b>beruhigen Irritationen<\/b><\/em><span class=\"s1\">, w\u00e4hrend Arrowroot und Kaolin <\/span><em><b>helfen, die Frische den ganzen Tag \u00fcber zu bewahren<\/b><\/em><span class=\"s1\">. \u00c4therische \u00d6le von Bergamotte, Eukalyptus und Rosmarin <\/span><em><b>schenken einen erfrischenden Duft<\/b><\/em><span class=\"s1\"> und f\u00f6rdern ein Gef\u00fchl von Reinheit und Energie.<\/span><\/p>\n","protected":false},"excerpt":{"rendered":"<p>Frischer Schutz und Pflege f\u00fcr empfindliche Haut Dieses nat\u00fcrliche Deo neutralisiert Ger\u00fcche ohne Reizungen und ohne Aluminium, absorbiert Feuchtigkeit und h\u00e4lt die Achseln trocken, aber atmungsaktiv und pflegt empfindliche Haut. Talg, Kokos\u00f6l, sanftes Natron und Zink wirken antibakteriell und beruhigen Irritationen, w\u00e4hrend Arrowroot und Kaolin helfen, die Frische den ganzen Tag \u00fcber zu bewahren. \u00c4therische [&hellip;]<\/p>\n","protected":false},"featured_media":731,"comment_status":"open","ping_status":"closed","template":"","meta":{"_acf_changed":false,"inline_featured_image":false},"product_brand":[],"product_cat":[97],"product_tag":[98],"usage_tags":[],"class_list":{"0":"post-730","1":"product","2":"type-product","3":"status-publish","4":"has-post-thumbnail","6":"product_cat-deo","7":"product_tag-all","9":"first","10":"instock","11":"shipping-taxable","12":"purchasable","13":"product-type-simple"},"acf":[],"_links":{"self":[{"href":"https:\/\/glowtallow.com\/de\/wp-json\/wp\/v2\/product\/730","targetHints":{"allow":["GET"]}}],"collection":[{"href":"https:\/\/glowtallow.com\/de\/wp-json\/wp\/v2\/product"}],"about":[{"href":"https:\/\/glowtallow.com\/de\/wp-json\/wp\/v2\/types\/product"}],"replies":[{"embeddable":true,"href":"https:\/\/glowtallow.com\/de\/wp-json\/wp\/v2\/comments?post=730"}],"wp:featuredmedia":[{"embeddable":true,"href":"https:\/\/glowtallow.com\/de\/wp-json\/wp\/v2\/media\/731"}],"wp:attachment":[{"href":"https:\/\/glowtallow.com\/de\/wp-json\/wp\/v2\/media?parent=730"}],"wp:term":[{"taxonomy":"product_brand","embeddable":true,"href":"https:\/\/glowtallow.com\/de\/wp-json\/wp\/v2\/product_brand?post=730"},{"taxonomy":"product_cat","embeddable":true,"href":"https:\/\/glowtallow.com\/de\/wp-json\/wp\/v2\/product_cat?post=730"},{"taxonomy":"product_tag","embeddable":true,"href":"https:\/\/glowtallow.com\/de\/wp-json\/wp\/v2\/product_tag?post=730"},{"taxonomy":"usage_tags","embeddable":true,"href":"https:\/\/glowtallow.com\/de\/wp-json\/wp\/v2\/usage_tags?post=730"}],"curies":[{"name":"wp","href":"https:\/\/api.w.org\/{rel}","templated":true}]}}