{"id":740,"date":"2025-06-10T22:35:59","date_gmt":"2025-06-10T20:35:59","guid":{"rendered":"https:\/\/glowtallow.pureweb.studio\/produkt\/blue-tansy-deo\/"},"modified":"2025-12-10T13:53:57","modified_gmt":"2025-12-10T12:53:57","slug":"blue-tansy-deo","status":"publish","type":"product","link":"https:\/\/glowtallow.com\/de\/produkt\/blue-tansy-deo\/","title":{"rendered":"Deodorant | Blue Tansy"},"content":{"rendered":"<p><strong>Frische, Schutz und Beruhigung f\u00fcr empfindliche Haut.<\/strong><\/p>\n<p class=\"p1\"><span class=\"s1\">Dieses nat\u00fcrliche Deo <\/span><em><b>neutralisiert Ger\u00fcche ohne Reizungen und ohne Aluminium<\/b><span class=\"s1\">, <\/span><b>absorbiert Feuchtigkeit und h\u00e4lt die Achseln trocken, aber atmungsaktiv<\/b><span class=\"s1\"> und <\/span><b>unterst\u00fctzt das nat\u00fcrliche Gleichgewicht der Haut<\/b><\/em><span class=\"s1\">. Talg, Kokos\u00f6l, Natron und Zink <\/span><em><b>wirken antibakteriell<\/b><\/em><span class=\"s1\"> und <\/span><b><em>sch\u00fctzen auch empfindliche Haut<\/em><\/b><span class=\"s1\">, w\u00e4hrend Blue Tansy <\/span><em><b>Irritationen beruhigt<\/b><\/em><span class=\"s1\"> und <b>der Haut hilft, im Gleichgewicht zu bleiben<\/b><\/span>. Die leichte Textur l\u00e4sst sich leicht verteilen und hinterl\u00e4sst keine R\u00fcckst\u00e4nde \u2013 f\u00fcr ganzt\u00e4gigen Komfort und Frische.<\/p>\n","protected":false},"excerpt":{"rendered":"<p>Frische, Schutz und Beruhigung f\u00fcr empfindliche Haut. Dieses nat\u00fcrliche Deo neutralisiert Ger\u00fcche ohne Reizungen und ohne Aluminium, absorbiert Feuchtigkeit und h\u00e4lt die Achseln trocken, aber atmungsaktiv und unterst\u00fctzt das nat\u00fcrliche Gleichgewicht der Haut. Talg, Kokos\u00f6l, Natron und Zink wirken antibakteriell und sch\u00fctzen auch empfindliche Haut, w\u00e4hrend Blue Tansy Irritationen beruhigt und der Haut hilft, im [&hellip;]<\/p>\n","protected":false},"featured_media":742,"comment_status":"open","ping_status":"closed","template":"","meta":{"_acf_changed":false,"inline_featured_image":false},"product_brand":[],"product_cat":[118,97],"product_tag":[98],"usage_tags":[],"class_list":{"0":"post-740","1":"product","2":"type-product","3":"status-publish","4":"has-post-thumbnail","6":"product_cat-bestseller","7":"product_cat-deo","8":"product_tag-all","10":"first","11":"instock","12":"shipping-taxable","13":"purchasable","14":"product-type-simple"},"acf":[],"_links":{"self":[{"href":"https:\/\/glowtallow.com\/de\/wp-json\/wp\/v2\/product\/740","targetHints":{"allow":["GET"]}}],"collection":[{"href":"https:\/\/glowtallow.com\/de\/wp-json\/wp\/v2\/product"}],"about":[{"href":"https:\/\/glowtallow.com\/de\/wp-json\/wp\/v2\/types\/product"}],"replies":[{"embeddable":true,"href":"https:\/\/glowtallow.com\/de\/wp-json\/wp\/v2\/comments?post=740"}],"wp:featuredmedia":[{"embeddable":true,"href":"https:\/\/glowtallow.com\/de\/wp-json\/wp\/v2\/media\/742"}],"wp:attachment":[{"href":"https:\/\/glowtallow.com\/de\/wp-json\/wp\/v2\/media?parent=740"}],"wp:term":[{"taxonomy":"product_brand","embeddable":true,"href":"https:\/\/glowtallow.com\/de\/wp-json\/wp\/v2\/product_brand?post=740"},{"taxonomy":"product_cat","embeddable":true,"href":"https:\/\/glowtallow.com\/de\/wp-json\/wp\/v2\/product_cat?post=740"},{"taxonomy":"product_tag","embeddable":true,"href":"https:\/\/glowtallow.com\/de\/wp-json\/wp\/v2\/product_tag?post=740"},{"taxonomy":"usage_tags","embeddable":true,"href":"https:\/\/glowtallow.com\/de\/wp-json\/wp\/v2\/usage_tags?post=740"}],"curies":[{"name":"wp","href":"https:\/\/api.w.org\/{rel}","templated":true}]}}