{"id":752,"date":"2025-06-10T22:37:11","date_gmt":"2025-06-10T20:37:11","guid":{"rendered":"https:\/\/glowtallow.pureweb.studio\/produkt\/charcoal-deo\/"},"modified":"2025-12-10T13:49:54","modified_gmt":"2025-12-10T12:49:54","slug":"charcoal-deo","status":"publish","type":"product","link":"https:\/\/glowtallow.com\/de\/produkt\/charcoal-deo\/","title":{"rendered":"Deodorant | Aktivkohle"},"content":{"rendered":"<p><strong>Schutz, Frische und Detox in einem.<\/strong><\/p>\n<p class=\"p1\"><span class=\"s1\">Dieses nat\u00fcrliche Deo <\/span><em><b>neutralisiert Ger\u00fcche ohne Reizungen und ohne Aluminium<\/b><span class=\"s1\">, <\/span><b>absorbiert Feuchtigkeit und h\u00e4lt die Achseln trocken, aber atmungsaktiv<\/b><\/em><span class=\"s1\"> und <\/span><em><b>unterst\u00fctzt das nat\u00fcrliche Gleichgewicht der Haut<\/b><\/em><span class=\"s1\">. Weide-Talg, Kokos\u00f6l, Natron und Zink <\/span><em><b>wirken antibakteriell<\/b><\/em><span class=\"s1\"> und <\/span><em><b>sch\u00fctzen auch empfindliche Haut<\/b><\/em><span class=\"s1\">. Aktivierte Bambuskohle <\/span><em><b>entgiftet und reinigt die Poren tiefenwirksam<\/b><\/em><span class=\"s1\">, w\u00e4hrend Eukalyptus und Minze <\/span><em><b>ein k\u00fchlendes Frischegef\u00fchl schenken<\/b><\/em><span class=\"s1\"> \u2013 f\u00fcr ganzt\u00e4gigen Komfort und Schutz.<\/span><\/p>\n","protected":false},"excerpt":{"rendered":"<p>Schutz, Frische und Detox in einem. Dieses nat\u00fcrliche Deo neutralisiert Ger\u00fcche ohne Reizungen und ohne Aluminium, absorbiert Feuchtigkeit und h\u00e4lt die Achseln trocken, aber atmungsaktiv und unterst\u00fctzt das nat\u00fcrliche Gleichgewicht der Haut. Weide-Talg, Kokos\u00f6l, Natron und Zink wirken antibakteriell und sch\u00fctzen auch empfindliche Haut. Aktivierte Bambuskohle entgiftet und reinigt die Poren tiefenwirksam, w\u00e4hrend Eukalyptus und [&hellip;]<\/p>\n","protected":false},"featured_media":754,"comment_status":"open","ping_status":"closed","template":"","meta":{"_acf_changed":false,"inline_featured_image":false},"product_brand":[],"product_cat":[97],"product_tag":[98],"usage_tags":[],"class_list":{"0":"post-752","1":"product","2":"type-product","3":"status-publish","4":"has-post-thumbnail","6":"product_cat-deo","7":"product_tag-all","9":"first","10":"instock","11":"shipping-taxable","12":"purchasable","13":"product-type-simple"},"acf":[],"_links":{"self":[{"href":"https:\/\/glowtallow.com\/de\/wp-json\/wp\/v2\/product\/752","targetHints":{"allow":["GET"]}}],"collection":[{"href":"https:\/\/glowtallow.com\/de\/wp-json\/wp\/v2\/product"}],"about":[{"href":"https:\/\/glowtallow.com\/de\/wp-json\/wp\/v2\/types\/product"}],"replies":[{"embeddable":true,"href":"https:\/\/glowtallow.com\/de\/wp-json\/wp\/v2\/comments?post=752"}],"wp:featuredmedia":[{"embeddable":true,"href":"https:\/\/glowtallow.com\/de\/wp-json\/wp\/v2\/media\/754"}],"wp:attachment":[{"href":"https:\/\/glowtallow.com\/de\/wp-json\/wp\/v2\/media?parent=752"}],"wp:term":[{"taxonomy":"product_brand","embeddable":true,"href":"https:\/\/glowtallow.com\/de\/wp-json\/wp\/v2\/product_brand?post=752"},{"taxonomy":"product_cat","embeddable":true,"href":"https:\/\/glowtallow.com\/de\/wp-json\/wp\/v2\/product_cat?post=752"},{"taxonomy":"product_tag","embeddable":true,"href":"https:\/\/glowtallow.com\/de\/wp-json\/wp\/v2\/product_tag?post=752"},{"taxonomy":"usage_tags","embeddable":true,"href":"https:\/\/glowtallow.com\/de\/wp-json\/wp\/v2\/usage_tags?post=752"}],"curies":[{"name":"wp","href":"https:\/\/api.w.org\/{rel}","templated":true}]}}