{"id":1160,"date":"2025-06-10T22:42:07","date_gmt":"2025-06-10T20:42:07","guid":{"rendered":"https:\/\/glowtallow.pureweb.studio\/produkt\/siero-antiage\/"},"modified":"2025-11-13T18:40:33","modified_gmt":"2025-11-13T17:40:33","slug":"siero-antiage","status":"publish","type":"product","link":"https:\/\/glowtallow.com\/it\/prodotto\/siero-antiage\/","title":{"rendered":"Siero | Antiage"},"content":{"rendered":"<p><strong>Ritrova elasticit\u00e0 e luminosit\u00e0 della tua pelle<\/strong><\/p>\n<p class=\"p1\">Questo siero intensivo <em><span class=\"s1\"><b>leviga le piccole rughe<\/b><\/span>, <span class=\"s1\"><b>ridona tonicit\u00e0 ed elasticit\u00e0<\/b><\/span><\/em> e <em><span class=\"s1\"><b>uniforma l\u2019incarnato<\/b><\/span><\/em> \u2013 senza irritazioni, anche con un uso prolungato. Bakuchiol, astaxantina e olio di melograno <em><span class=\"s1\"><b>favoriscono la rigenerazione<\/b><\/span>, <span class=\"s1\"><b>proteggono dagli agenti esterni<\/b><\/span><\/em> e <span class=\"s1\"><b><em>donano alla pelle una naturale luminosit\u00e0<\/em><\/b><\/span>. L\u2019olio di em\u00f9 insieme a quello di moringa, albicocca e fiore di fico d\u2019India <em><span class=\"s1\"><b>nutrono in profondit\u00e0<\/b><\/span><\/em> e <em><span class=\"s1\"><b>leniscono<\/b><\/span><\/em> la pelle, mantenendola morbida, compatta ed equilibrata \u2013 mattina e sera.<\/p>\n","protected":false},"excerpt":{"rendered":"<p>Ritrova elasticit\u00e0 e luminosit\u00e0 della tua pelle Questo siero intensivo leviga le piccole rughe, ridona tonicit\u00e0 ed elasticit\u00e0 e uniforma l\u2019incarnato \u2013 senza irritazioni, anche con un uso prolungato. Bakuchiol, astaxantina e olio di melograno favoriscono la rigenerazione, proteggono dagli agenti esterni e donano alla pelle una naturale luminosit\u00e0. L\u2019olio di em\u00f9 insieme a quello [&hellip;]<\/p>\n","protected":false},"featured_media":1161,"comment_status":"open","ping_status":"closed","template":"","meta":{"_acf_changed":false,"inline_featured_image":false},"product_brand":[],"product_cat":[131,124,122],"product_tag":[158,151,152,155,156],"usage_tags":[],"class_list":{"0":"post-1160","1":"product","2":"type-product","3":"status-publish","4":"has-post-thumbnail","6":"product_cat-bestseller","7":"product_cat-sieri","8":"product_cat-viso","9":"product_tag-anti-eta","10":"product_tag-disidratata","11":"product_tag-secca","12":"product_tag-sensibile","13":"product_tag-stanca","15":"first","16":"instock","17":"shipping-taxable","18":"purchasable","19":"product-type-simple"},"acf":[],"_links":{"self":[{"href":"https:\/\/glowtallow.com\/it\/wp-json\/wp\/v2\/product\/1160","targetHints":{"allow":["GET"]}}],"collection":[{"href":"https:\/\/glowtallow.com\/it\/wp-json\/wp\/v2\/product"}],"about":[{"href":"https:\/\/glowtallow.com\/it\/wp-json\/wp\/v2\/types\/product"}],"replies":[{"embeddable":true,"href":"https:\/\/glowtallow.com\/it\/wp-json\/wp\/v2\/comments?post=1160"}],"wp:featuredmedia":[{"embeddable":true,"href":"https:\/\/glowtallow.com\/it\/wp-json\/wp\/v2\/media\/1161"}],"wp:attachment":[{"href":"https:\/\/glowtallow.com\/it\/wp-json\/wp\/v2\/media?parent=1160"}],"wp:term":[{"taxonomy":"product_brand","embeddable":true,"href":"https:\/\/glowtallow.com\/it\/wp-json\/wp\/v2\/product_brand?post=1160"},{"taxonomy":"product_cat","embeddable":true,"href":"https:\/\/glowtallow.com\/it\/wp-json\/wp\/v2\/product_cat?post=1160"},{"taxonomy":"product_tag","embeddable":true,"href":"https:\/\/glowtallow.com\/it\/wp-json\/wp\/v2\/product_tag?post=1160"},{"taxonomy":"usage_tags","embeddable":true,"href":"https:\/\/glowtallow.com\/it\/wp-json\/wp\/v2\/usage_tags?post=1160"}],"curies":[{"name":"wp","href":"https:\/\/api.w.org\/{rel}","templated":true}]}}