{"id":660,"date":"2025-06-10T22:27:24","date_gmt":"2025-06-10T20:27:24","guid":{"rendered":"https:\/\/glowtallow.pureweb.studio\/produkt\/olio-corpo-lemongrass\/"},"modified":"2025-11-13T19:09:42","modified_gmt":"2025-11-13T18:09:42","slug":"olio-corpo-lemongrass","status":"publish","type":"product","link":"https:\/\/glowtallow.com\/it\/prodotto\/olio-corpo-lemongrass\/","title":{"rendered":"Olio Corpo | Lemongrass"},"content":{"rendered":"<p><strong>Freschezza, elasticit\u00e0 e pelle luminosa ogni giorno<\/strong><\/p>\n<p class=\"p1\">Questo olio corpo leggero <em><span class=\"s1\"><b>lascia la pelle morbida, elastica e radiosa<\/b><\/span>, <span class=\"s1\"><b>si assorbe rapidamente senza lasciare residui grassi<\/b><\/span> e <\/em><span class=\"s1\"><b><em>sostiene l\u2019elasticit\u00e0<\/em><\/b><\/span>. Una miscela di oli di cocco frazionato, kukui, jojoba, albicocca, baobab ed em\u00f9 <em><span class=\"s1\"><b>nutre e idrata in profondit\u00e0<\/b><\/span><\/em>, mentre gli oli essenziali di citronella, menta, legno di rosa e ylang ylang <em><span class=\"s1\"><b>rinfrescano e donano energia<\/b><\/span><\/em>. Ideale per l\u2019idratazione quotidiana, dopo la doccia, l\u2019esposizione al sole o come parte di un rituale di massaggio.<\/p>\n","protected":false},"excerpt":{"rendered":"<p>Freschezza, elasticit\u00e0 e pelle luminosa ogni giorno Questo olio corpo leggero lascia la pelle morbida, elastica e radiosa, si assorbe rapidamente senza lasciare residui grassi e sostiene l\u2019elasticit\u00e0. Una miscela di oli di cocco frazionato, kukui, jojoba, albicocca, baobab ed em\u00f9 nutre e idrata in profondit\u00e0, mentre gli oli essenziali di citronella, menta, legno di [&hellip;]<\/p>\n","protected":false},"featured_media":662,"comment_status":"open","ping_status":"closed","template":"","meta":{"_acf_changed":false,"inline_featured_image":false},"product_brand":[],"product_cat":[126,128],"product_tag":[157,151,153,154,152,156],"usage_tags":[],"class_list":{"0":"post-660","1":"product","2":"type-product","3":"status-publish","4":"has-post-thumbnail","6":"product_cat-corpo","7":"product_cat-oli-corpo","8":"product_tag-acneica","9":"product_tag-disidratata","10":"product_tag-grassa","11":"product_tag-problematica","12":"product_tag-secca","13":"product_tag-stanca","15":"first","16":"instock","17":"shipping-taxable","18":"purchasable","19":"product-type-simple"},"acf":[],"_links":{"self":[{"href":"https:\/\/glowtallow.com\/it\/wp-json\/wp\/v2\/product\/660","targetHints":{"allow":["GET"]}}],"collection":[{"href":"https:\/\/glowtallow.com\/it\/wp-json\/wp\/v2\/product"}],"about":[{"href":"https:\/\/glowtallow.com\/it\/wp-json\/wp\/v2\/types\/product"}],"replies":[{"embeddable":true,"href":"https:\/\/glowtallow.com\/it\/wp-json\/wp\/v2\/comments?post=660"}],"wp:featuredmedia":[{"embeddable":true,"href":"https:\/\/glowtallow.com\/it\/wp-json\/wp\/v2\/media\/662"}],"wp:attachment":[{"href":"https:\/\/glowtallow.com\/it\/wp-json\/wp\/v2\/media?parent=660"}],"wp:term":[{"taxonomy":"product_brand","embeddable":true,"href":"https:\/\/glowtallow.com\/it\/wp-json\/wp\/v2\/product_brand?post=660"},{"taxonomy":"product_cat","embeddable":true,"href":"https:\/\/glowtallow.com\/it\/wp-json\/wp\/v2\/product_cat?post=660"},{"taxonomy":"product_tag","embeddable":true,"href":"https:\/\/glowtallow.com\/it\/wp-json\/wp\/v2\/product_tag?post=660"},{"taxonomy":"usage_tags","embeddable":true,"href":"https:\/\/glowtallow.com\/it\/wp-json\/wp\/v2\/usage_tags?post=660"}],"curies":[{"name":"wp","href":"https:\/\/api.w.org\/{rel}","templated":true}]}}